{"id":2492,"date":"2024-09-09T08:27:47","date_gmt":"2024-09-09T08:27:47","guid":{"rendered":"https:\/\/ergotherapie-kaffeetrichter.de\/?page_id=2492"},"modified":"2024-09-09T10:16:43","modified_gmt":"2024-09-09T10:16:43","slug":"rueckrufservice","status":"publish","type":"page","link":"https:\/\/ergotherapie-kaffeetrichter.de\/en\/rueckrufservice\/","title":{"rendered":"Callback"},"content":{"rendered":"<div data-elementor-type=\"wp-post\" data-elementor-id=\"2492\" class=\"elementor elementor-2492\" data-elementor-settings=\"{&quot;ha_cmc_init_switcher&quot;:&quot;no&quot;}\">\n\t\t\t\t\t\t<section class=\"elementor-section elementor-top-section elementor-element elementor-element-f46d3e0 elementor-section-height-min-height elementor-section-boxed elementor-section-height-default elementor-section-items-middle\" data-id=\"f46d3e0\" data-element_type=\"section\" data-e-type=\"section\" data-settings=\"{&quot;background_background&quot;:&quot;classic&quot;,&quot;_ha_eqh_enable&quot;:false}\">\n\t\t\t\t\t\t\t<div class=\"elementor-background-overlay\"><\/div>\n\t\t\t\t\t\t\t<div class=\"elementor-container elementor-column-gap-default\">\n\t\t\t\t\t<div class=\"elementor-column elementor-col-100 elementor-top-column elementor-element elementor-element-b8866d3\" data-id=\"b8866d3\" data-element_type=\"column\" data-e-type=\"column\">\n\t\t\t<div class=\"elementor-widget-wrap elementor-element-populated\">\n\t\t\t\t\t\t<div class=\"elementor-element elementor-element-d0115ca elementor-widget elementor-widget-heading\" data-id=\"d0115ca\" data-element_type=\"widget\" data-e-type=\"widget\" data-widget_type=\"heading.default\">\n\t\t\t\t<div class=\"elementor-widget-container\">\n\t\t\t\t\t<h1 class=\"elementor-heading-title elementor-size-default\">Our callback service - We are here for you!<\/h1>\t\t\t\t<\/div>\n\t\t\t\t<\/div>\n\t\t\t\t\t<\/div>\n\t\t<\/div>\n\t\t\t\t\t<\/div>\n\t\t<\/section>\n\t\t\t\t<section class=\"elementor-section elementor-top-section elementor-element elementor-element-d7a3022 elementor-section-boxed elementor-section-height-default elementor-section-height-default\" data-id=\"d7a3022\" data-element_type=\"section\" data-e-type=\"section\" data-settings=\"{&quot;background_background&quot;:&quot;classic&quot;,&quot;_ha_eqh_enable&quot;:false}\">\n\t\t\t\t\t\t<div class=\"elementor-container elementor-column-gap-default\">\n\t\t\t\t\t<div class=\"elementor-column elementor-col-100 elementor-top-column elementor-element elementor-element-6816f7f\" data-id=\"6816f7f\" data-element_type=\"column\" data-e-type=\"column\">\n\t\t\t<div class=\"elementor-widget-wrap elementor-element-populated\">\n\t\t\t\t\t\t<div class=\"elementor-element elementor-element-c12ec11 elementor-widget elementor-widget-text-editor\" data-id=\"c12ec11\" data-element_type=\"widget\" data-e-type=\"widget\" data-widget_type=\"text-editor.default\">\n\t\t\t\t<div class=\"elementor-widget-container\">\n\t\t\t\t\t\t\t\t\t<p>Do you have questions about your health or would you like to make an appointment but don't have time to wait on hold? No problem! With our call-back service, we offer you a convenient way to get in touch with us quickly and easily.<\/p><p><strong>This is how it works:<\/strong><\/p>\t\t\t\t\t\t\t\t<\/div>\n\t\t\t\t<\/div>\n\t\t\t\t<div class=\"elementor-element elementor-element-77e71f7 elementor-align-center elementor-icon-list--layout-traditional elementor-list-item-link-full_width elementor-widget elementor-widget-icon-list\" data-id=\"77e71f7\" data-element_type=\"widget\" data-e-type=\"widget\" data-widget_type=\"icon-list.default\">\n\t\t\t\t<div class=\"elementor-widget-container\">\n\t\t\t\t\t\t\t<ul class=\"elementor-icon-list-items\">\n\t\t\t\t\t\t\t<li class=\"elementor-icon-list-item\">\n\t\t\t\t\t\t\t\t\t\t\t<span class=\"elementor-icon-list-icon\">\n\t\t\t\t\t\t\t<i aria-hidden=\"true\" class=\"fas fa-check\"><\/i>\t\t\t\t\t\t<\/span>\n\t\t\t\t\t\t\t\t\t\t<span class=\"elementor-icon-list-text\">Just leave us your contact details and a short message.<\/span>\n\t\t\t\t\t\t\t\t\t<\/li>\n\t\t\t\t\t\t\t\t<li class=\"elementor-icon-list-item\">\n\t\t\t\t\t\t\t\t\t\t\t<span class=\"elementor-icon-list-icon\">\n\t\t\t\t\t\t\t<i aria-hidden=\"true\" class=\"fas fa-check\"><\/i>\t\t\t\t\t\t<\/span>\n\t\t\t\t\t\t\t\t\t\t<span class=\"elementor-icon-list-text\">We will call you back as soon as possible - at a time that suits you.<\/span>\n\t\t\t\t\t\t\t\t\t<\/li>\n\t\t\t\t\t\t\t\t<li class=\"elementor-icon-list-item\">\n\t\t\t\t\t\t\t\t\t\t\t<span class=\"elementor-icon-list-icon\">\n\t\t\t\t\t\t\t<i aria-hidden=\"true\" class=\"fas fa-check\"><\/i>\t\t\t\t\t\t<\/span>\n\t\t\t\t\t\t\t\t\t\t<span class=\"elementor-icon-list-text\">Our friendly staff will be happy to help you with your request.<\/span>\n\t\t\t\t\t\t\t\t\t<\/li>\n\t\t\t\t\t\t<\/ul>\n\t\t\t\t\t\t<\/div>\n\t\t\t\t<\/div>\n\t\t\t\t<div class=\"elementor-element elementor-element-800d824 elementor-widget elementor-widget-text-editor\" data-id=\"800d824\" data-element_type=\"widget\" data-e-type=\"widget\" data-widget_type=\"text-editor.default\">\n\t\t\t\t<div class=\"elementor-widget-container\">\n\t\t\t\t\t\t\t\t\t<p><strong style=\"font-size: 16px;\">Your advantages at a glance:<\/strong><\/p>\t\t\t\t\t\t\t\t<\/div>\n\t\t\t\t<\/div>\n\t\t\t\t<div class=\"elementor-element elementor-element-2b0b744 elementor-align-center elementor-icon-list--layout-traditional elementor-list-item-link-full_width elementor-widget elementor-widget-icon-list\" data-id=\"2b0b744\" data-element_type=\"widget\" data-e-type=\"widget\" data-widget_type=\"icon-list.default\">\n\t\t\t\t<div class=\"elementor-widget-container\">\n\t\t\t\t\t\t\t<ul class=\"elementor-icon-list-items\">\n\t\t\t\t\t\t\t<li class=\"elementor-icon-list-item\">\n\t\t\t\t\t\t\t\t\t\t\t<span class=\"elementor-icon-list-icon\">\n\t\t\t\t\t\t\t<i aria-hidden=\"true\" class=\"fas fa-check\"><\/i>\t\t\t\t\t\t<\/span>\n\t\t\t\t\t\t\t\t\t\t<span class=\"elementor-icon-list-text\">No long waiting times on the phone<\/span>\n\t\t\t\t\t\t\t\t\t<\/li>\n\t\t\t\t\t\t\t\t<li class=\"elementor-icon-list-item\">\n\t\t\t\t\t\t\t\t\t\t\t<span class=\"elementor-icon-list-icon\">\n\t\t\t\t\t\t\t<i aria-hidden=\"true\" class=\"fas fa-check\"><\/i>\t\t\t\t\t\t<\/span>\n\t\t\t\t\t\t\t\t\t\t<span class=\"elementor-icon-list-text\">Flexibility: We call you when it's best for you<\/span>\n\t\t\t\t\t\t\t\t\t<\/li>\n\t\t\t\t\t\t\t\t<li class=\"elementor-icon-list-item\">\n\t\t\t\t\t\t\t\t\t\t\t<span class=\"elementor-icon-list-icon\">\n\t\t\t\t\t\t\t<i aria-hidden=\"true\" class=\"fas fa-check\"><\/i>\t\t\t\t\t\t<\/span>\n\t\t\t\t\t\t\t\t\t\t<span class=\"elementor-icon-list-text\">Fast and personal advice<\/span>\n\t\t\t\t\t\t\t\t\t<\/li>\n\t\t\t\t\t\t<\/ul>\n\t\t\t\t\t\t<\/div>\n\t\t\t\t<\/div>\n\t\t\t\t\t<\/div>\n\t\t<\/div>\n\t\t\t\t\t<\/div>\n\t\t<\/section>\n\t\t\t\t<section class=\"elementor-section elementor-top-section elementor-element elementor-element-485b626 elementor-section-boxed elementor-section-height-default elementor-section-height-default\" data-id=\"485b626\" data-element_type=\"section\" data-e-type=\"section\" data-settings=\"{&quot;background_background&quot;:&quot;classic&quot;,&quot;_ha_eqh_enable&quot;:false}\">\n\t\t\t\t\t\t<div class=\"elementor-container elementor-column-gap-default\">\n\t\t\t\t\t<div class=\"elementor-column elementor-col-100 elementor-top-column elementor-element elementor-element-18f68a2\" data-id=\"18f68a2\" data-element_type=\"column\" data-e-type=\"column\" data-settings=\"{&quot;background_background&quot;:&quot;classic&quot;}\">\n\t\t\t<div class=\"elementor-widget-wrap elementor-element-populated\">\n\t\t\t\t\t<div class=\"elementor-background-overlay\"><\/div>\n\t\t\t\t\t\t<div class=\"elementor-element elementor-element-d1acc70 eael-contact-form-7-button-align-left eael-contact-form-7-button-custom elementor-widget elementor-widget-eael-contact-form-7\" data-id=\"d1acc70\" data-element_type=\"widget\" data-e-type=\"widget\" data-widget_type=\"eael-contact-form-7.default\">\n\t\t\t\t<div class=\"elementor-widget-container\">\n\t\t\t\t\t<div class=\"eael-contact-form-7-wrapper\">\n                <div class=\"eael-contact-form eael-contact-form-7 eael-contact-form-d1acc70 placeholder-show eael-contact-form-align-default\">\n<div class=\"wpcf7 no-js\" id=\"wpcf7-f2498-o1\" lang=\"de-DE\" dir=\"ltr\" data-wpcf7-id=\"2498\">\n<div class=\"screen-reader-response\"><p role=\"status\" aria-live=\"polite\" aria-atomic=\"true\"><\/p> <ul><\/ul><\/div>\n<form action=\"\/en\/wp-json\/wp\/v2\/pages\/2492#wpcf7-f2498-o1\" method=\"post\" class=\"wpcf7-form init\" aria-label=\"Contact form\" novalidate=\"novalidate\" data-status=\"init\" data-trp-original-action=\"\/en\/wp-json\/wp\/v2\/pages\/2492#wpcf7-f2498-o1\">\n<fieldset class=\"hidden-fields-container\"><input type=\"hidden\" name=\"_wpcf7\" value=\"2498\" \/><input type=\"hidden\" name=\"_wpcf7_version\" value=\"6.1.5\" \/><input type=\"hidden\" name=\"_wpcf7_locale\" value=\"de_DE\" \/><input type=\"hidden\" name=\"_wpcf7_unit_tag\" value=\"wpcf7-f2498-o1\" \/><input type=\"hidden\" name=\"_wpcf7_container_post\" value=\"0\" \/><input type=\"hidden\" name=\"_wpcf7_posted_data_hash\" value=\"\" \/>\n<\/fieldset>\n<p><span class=\"wpcf7-form-control-wrap\" data-name=\"name-1\"><input size=\"40\" maxlength=\"400\" class=\"wpcf7-form-control wpcf7-text\" aria-invalid=\"false\" placeholder=\"First and last name\" value=\"\" type=\"text\" name=\"name-1\" \/><\/span>\n<\/p>\n<p><span class=\"wpcf7-form-control-wrap\" data-name=\"email-1\"><input size=\"40\" maxlength=\"400\" class=\"wpcf7-form-control wpcf7-email wpcf7-validates-as-required wpcf7-text wpcf7-validates-as-email\" aria-required=\"true\" aria-invalid=\"false\" placeholder=\"E-mail address (mandatory field)\" value=\"\" type=\"email\" name=\"email-1\" \/><\/span>\n<\/p>\n<p><span class=\"wpcf7-form-control-wrap\" data-name=\"tel-79\"><input size=\"40\" maxlength=\"400\" class=\"wpcf7-form-control wpcf7-tel wpcf7-validates-as-required wpcf7-text wpcf7-validates-as-tel\" aria-required=\"true\" aria-invalid=\"false\" placeholder=\"Telephone (mandatory field)\" value=\"\" type=\"tel\" name=\"tel-79\" \/><\/span>\n<\/p>\n<p>Desired time window:<br \/>\n<span class=\"wpcf7-form-control-wrap\" data-name=\"checkbox-791\"><span class=\"wpcf7-form-control wpcf7-checkbox\"><span class=\"wpcf7-list-item first\"><label><input type=\"checkbox\" name=\"checkbox-791[]\" value=\"7 - 12 Uhr\" \/><span class=\"wpcf7-list-item-label\">7 a.m.  - 12 a.m.<\/span><\/label><\/span><span class=\"wpcf7-list-item\"><label><input type=\"checkbox\" name=\"checkbox-791[]\" value=\"12 - 15 Uhr\" \/><span class=\"wpcf7-list-item-label\">12 - 3 p.m.<\/span><\/label><\/span><span class=\"wpcf7-list-item last\"><label><input type=\"checkbox\" name=\"checkbox-791[]\" value=\"15 - 20 Uhr\" \/><span class=\"wpcf7-list-item-label\">3 - 8 p.m.<\/span><\/label><\/span><\/span><\/span>\n<\/p>\n<p><span class=\"wpcf7-form-control-wrap\" data-name=\"textarea-145\"><textarea cols=\"40\" rows=\"10\" maxlength=\"2000\" class=\"wpcf7-form-control wpcf7-textarea\" aria-invalid=\"false\" placeholder=\"Your message to us:\" name=\"textarea-145\"><\/textarea><\/span>\n<\/p>\n<p><span class=\"wpcf7-form-control-wrap\" data-name=\"acceptance-676\"><span class=\"wpcf7-form-control wpcf7-acceptance\"><span class=\"wpcf7-list-item\"><label><input type=\"checkbox\" name=\"acceptance-676\" value=\"1\" aria-invalid=\"false\" \/><span class=\"wpcf7-list-item-label\">Please click the checkbox to agree! <br><br> I agree that my details from the contact form will be collected and processed to answer my request. The data will be deleted after your request has been processed.\n<br><b>Note:<\/b> You can revoke your consent at any time for the future by sending an e-mail to <a href=\"mailto:info@ergo-kaffeetrichter.de\">info@ergo-kaffeetrichter.de<\/a> You can find detailed information on the handling of user data in our <a href=\"https:\/\/ergotherapie-kaffeetrichter.de\/en\/datenschutz\/\" target=\"_blank\">privacy policy<\/a>.<\/span><\/label><\/span><\/span><\/span>\n<\/p>\n<p>Now a little quiz to keep spam away effectively.<br \/>\n<b><span class=\"wpcf7-form-control-wrap\" data-name=\"quiz-847\"><label><span class=\"wpcf7-quiz-label\">Which city is the capital of Thuringia?<\/span> <input size=\"40\" class=\"wpcf7-form-control wpcf7-quiz\" autocomplete=\"off\" aria-required=\"true\" aria-invalid=\"false\" type=\"text\" name=\"quiz-847\" \/><\/label><input type=\"hidden\" name=\"_wpcf7_quiz_answer_quiz-847\" value=\"528f41d3ae4349a6c9324274f480e077\" \/><\/span><\/b>\n<\/p>\n<p><span id=\"wpcf7-69e3683418975-wrapper\" class=\"wpcf7-form-control-wrap potti-wrap\" style=\"display:none !important; visibility:hidden !important;\"><label for=\"potti-12\" class=\"hp-message\">Bitte lasse dieses Feld leer.<\/label><input id=\"potti-12\"  class=\"wpcf7-form-control wpcf7-text\" type=\"text\" name=\"potti\" value=\"\" size=\"40\" tabindex=\"-1\" autocomplete=\"new-password\" \/><\/span><br \/>\n<span id=\"wpcf7-69e36834189d0-wrapper\" class=\"wpcf7-form-control-wrap potti-wrap\" style=\"display:none !important; visibility:hidden !important;\"><label for=\"potti-13\" class=\"hp-message\">Bitte lasse dieses Feld leer.<\/label><input id=\"potti-13\"  class=\"wpcf7-form-control wpcf7-text\" type=\"text\" name=\"potti\" value=\"\" size=\"40\" tabindex=\"-1\" autocomplete=\"new-password\" \/><\/span>\n<\/p>\n<p><input class=\"wpcf7-form-control wpcf7-submit has-spinner\" type=\"submit\" value=\"Send\" \/>\n<\/p><div class=\"wpcf7-response-output\" aria-hidden=\"true\"><\/div>\n<input type=\"hidden\" name=\"trp-form-language\" value=\"en\"\/><\/form>\n<\/div>\n<\/div>\n            <\/div>\t\t\t\t<\/div>\n\t\t\t\t<\/div>\n\t\t\t\t\t<\/div>\n\t\t<\/div>\n\t\t\t\t\t<\/div>\n\t\t<\/section>\n\t\t\t\t<\/div>","protected":false},"excerpt":{"rendered":"<p>Unser R\u00fcckrufservice \u2013 Wir sind f\u00fcr Dich da! Du hast Fragen zu Deiner Gesundheit oder m\u00f6chtest einen Termin vereinbaren, aber keine Zeit, lange in der Warteschleife zu warten? Kein Problem! Mit unserem R\u00fcckrufservice bieten wir Dir eine bequeme M\u00f6glichkeit, schnell und unkompliziert mit uns in Kontakt zu treten. So funktioniert es: Hinterlasse uns einfach Deine [&hellip;]<\/p>\n","protected":false},"author":1,"featured_media":0,"parent":0,"menu_order":0,"comment_status":"closed","ping_status":"closed","template":"","meta":{"om_disable_all_campaigns":false,"_monsterinsights_skip_tracking":false,"_monsterinsights_sitenote_active":false,"_monsterinsights_sitenote_note":"","_monsterinsights_sitenote_category":0,"site-sidebar-layout":"no-sidebar","site-content-layout":"page-builder","ast-site-content-layout":"full-width-container","site-content-style":"unboxed","site-sidebar-style":"unboxed","ast-global-header-display":"","ast-banner-title-visibility":"","ast-main-header-display":"","ast-hfb-above-header-display":"","ast-hfb-below-header-display":"","ast-hfb-mobile-header-display":"","site-post-title":"disabled","ast-breadcrumbs-content":"","ast-featured-img":"disabled","footer-sml-layout":"","ast-disable-related-posts":"","theme-transparent-header-meta":"","adv-header-id-meta":"","stick-header-meta":"","header-above-stick-meta":"","header-main-stick-meta":"","header-below-stick-meta":"","astra-migrate-meta-layouts":"set","ast-page-background-enabled":"default","ast-page-background-meta":{"desktop":{"background-color":"","background-image":"","background-repeat":"repeat","background-position":"center center","background-size":"auto","background-attachment":"scroll","background-type":"","background-media":"","overlay-type":"","overlay-color":"","overlay-opacity":"","overlay-gradient":""},"tablet":{"background-color":"","background-image":"","background-repeat":"repeat","background-position":"center center","background-size":"auto","background-attachment":"scroll","background-type":"","background-media":"","overlay-type":"","overlay-color":"","overlay-opacity":"","overlay-gradient":""},"mobile":{"background-color":"","background-image":"","background-repeat":"repeat","background-position":"center center","background-size":"auto","background-attachment":"scroll","background-type":"","background-media":"","overlay-type":"","overlay-color":"","overlay-opacity":"","overlay-gradient":""}},"ast-content-background-meta":{"desktop":{"background-color":"var(--ast-global-color-5)","background-image":"","background-repeat":"repeat","background-position":"center center","background-size":"auto","background-attachment":"scroll","background-type":"","background-media":"","overlay-type":"","overlay-color":"","overlay-opacity":"","overlay-gradient":""},"tablet":{"background-color":"var(--ast-global-color-5)","background-image":"","background-repeat":"repeat","background-position":"center center","background-size":"auto","background-attachment":"scroll","background-type":"","background-media":"","overlay-type":"","overlay-color":"","overlay-opacity":"","overlay-gradient":""},"mobile":{"background-color":"var(--ast-global-color-5)","background-image":"","background-repeat":"repeat","background-position":"center center","background-size":"auto","background-attachment":"scroll","background-type":"","background-media":"","overlay-type":"","overlay-color":"","overlay-opacity":"","overlay-gradient":""}},"footnotes":""},"class_list":["post-2492","page","type-page","status-publish","hentry"],"aioseo_notices":[],"yoast_head":"<!-- This site is optimized with the Yoast SEO plugin v27.0 - https:\/\/yoast.com\/product\/yoast-seo-wordpress\/ -->\n<title>R\u00fcckrufservice | Ergotherapie am Kaffeetrichter Erfurt<\/title>\n<meta name=\"description\" content=\"Wir w\u00fcrden uns sehr \u00fcber dein Patientenfeedback freuen. &gt;&gt; Erfahre hier mehr und gib deine Bewertung mittels kurzem Formular ab.\" \/>\n<meta name=\"robots\" content=\"index, follow, max-snippet:-1, max-image-preview:large, max-video-preview:-1\" \/>\n<link rel=\"canonical\" href=\"https:\/\/ergotherapie-kaffeetrichter.de\/en\/rueckrufservice\/\" \/>\n<meta property=\"og:locale\" content=\"en_GB\" \/>\n<meta property=\"og:type\" content=\"article\" \/>\n<meta property=\"og:title\" content=\"R\u00fcckrufservice | Ergotherapie am Kaffeetrichter Erfurt\" \/>\n<meta property=\"og:description\" content=\"Wir w\u00fcrden uns sehr \u00fcber dein Patientenfeedback freuen. &gt;&gt; Erfahre hier mehr und gib deine Bewertung mittels kurzem Formular ab.\" \/>\n<meta property=\"og:url\" content=\"https:\/\/ergotherapie-kaffeetrichter.de\/en\/rueckrufservice\/\" \/>\n<meta property=\"og:site_name\" content=\"Ergotherapie am Kaffeetrichter Erfurt\" \/>\n<meta property=\"article:publisher\" content=\"https:\/\/www.facebook.com\/ergotherapieamkaffeetrichter\" \/>\n<meta property=\"article:modified_time\" content=\"2024-09-09T10:16:43+00:00\" \/>\n<meta property=\"og:image\" content=\"https:\/\/ergotherapie-kaffeetrichter.de\/wp-content\/uploads\/2022\/06\/Logo-freigestellt.png\" \/>\n\t<meta property=\"og:image:width\" content=\"1002\" \/>\n\t<meta property=\"og:image:height\" content=\"626\" \/>\n\t<meta property=\"og:image:type\" content=\"image\/png\" \/>\n<meta name=\"twitter:card\" content=\"summary_large_image\" \/>\n<meta name=\"twitter:label1\" content=\"Estimated reading time\" \/>\n\t<meta name=\"twitter:data1\" content=\"2 minutes\" \/>\n<script type=\"application\/ld+json\" class=\"yoast-schema-graph\">{\"@context\":\"https:\/\/schema.org\",\"@graph\":[{\"@type\":\"WebPage\",\"@id\":\"https:\/\/ergotherapie-kaffeetrichter.de\/rueckrufservice\/\",\"url\":\"https:\/\/ergotherapie-kaffeetrichter.de\/rueckrufservice\/\",\"name\":\"R\u00fcckrufservice | Ergotherapie am Kaffeetrichter Erfurt\",\"isPartOf\":{\"@id\":\"https:\/\/ergotherapie-kaffeetrichter.de\/#website\"},\"datePublished\":\"2024-09-09T08:27:47+00:00\",\"dateModified\":\"2024-09-09T10:16:43+00:00\",\"description\":\"Wir w\u00fcrden uns sehr \u00fcber dein Patientenfeedback freuen. >> Erfahre hier mehr und gib deine Bewertung mittels kurzem Formular ab.\",\"breadcrumb\":{\"@id\":\"https:\/\/ergotherapie-kaffeetrichter.de\/rueckrufservice\/#breadcrumb\"},\"inLanguage\":\"en-GB\",\"potentialAction\":[{\"@type\":\"ReadAction\",\"target\":[\"https:\/\/ergotherapie-kaffeetrichter.de\/rueckrufservice\/\"]}]},{\"@type\":\"BreadcrumbList\",\"@id\":\"https:\/\/ergotherapie-kaffeetrichter.de\/rueckrufservice\/#breadcrumb\",\"itemListElement\":[{\"@type\":\"ListItem\",\"position\":1,\"name\":\"Startseite\",\"item\":\"https:\/\/ergotherapie-kaffeetrichter.de\/\"},{\"@type\":\"ListItem\",\"position\":2,\"name\":\"R\u00fcckrufservice\"}]},{\"@type\":\"WebSite\",\"@id\":\"https:\/\/ergotherapie-kaffeetrichter.de\/#website\",\"url\":\"https:\/\/ergotherapie-kaffeetrichter.de\/\",\"name\":\"Ergotherapie am Kaffeetrichter Erfurt\",\"description\":\"Ergotherapie am Kaffeetrichter Erfurt\",\"publisher\":{\"@id\":\"https:\/\/ergotherapie-kaffeetrichter.de\/#organization\"},\"potentialAction\":[{\"@type\":\"SearchAction\",\"target\":{\"@type\":\"EntryPoint\",\"urlTemplate\":\"https:\/\/ergotherapie-kaffeetrichter.de\/?s={search_term_string}\"},\"query-input\":{\"@type\":\"PropertyValueSpecification\",\"valueRequired\":true,\"valueName\":\"search_term_string\"}}],\"inLanguage\":\"en-GB\"},{\"@type\":\"Organization\",\"@id\":\"https:\/\/ergotherapie-kaffeetrichter.de\/#organization\",\"name\":\"Ergotherapie am Kaffeetrichter Erfurt\",\"url\":\"https:\/\/ergotherapie-kaffeetrichter.de\/\",\"logo\":{\"@type\":\"ImageObject\",\"inLanguage\":\"en-GB\",\"@id\":\"https:\/\/ergotherapie-kaffeetrichter.de\/#\/schema\/logo\/image\/\",\"url\":\"https:\/\/ergotherapie-kaffeetrichter.de\/wp-content\/uploads\/2022\/06\/Logo-freigestellt.png\",\"contentUrl\":\"https:\/\/ergotherapie-kaffeetrichter.de\/wp-content\/uploads\/2022\/06\/Logo-freigestellt.png\",\"width\":1002,\"height\":626,\"caption\":\"Ergotherapie am Kaffeetrichter Erfurt\"},\"image\":{\"@id\":\"https:\/\/ergotherapie-kaffeetrichter.de\/#\/schema\/logo\/image\/\"},\"sameAs\":[\"https:\/\/www.facebook.com\/ergotherapieamkaffeetrichter\"]}]}<\/script>\n<!-- \/ Yoast SEO plugin. -->","yoast_head_json":{"title":"R\u00fcckrufservice | Ergotherapie am Kaffeetrichter Erfurt","description":"Wir w\u00fcrden uns sehr \u00fcber dein Patientenfeedback freuen. >> Erfahre hier mehr und gib deine Bewertung mittels kurzem Formular ab.","robots":{"index":"index","follow":"follow","max-snippet":"max-snippet:-1","max-image-preview":"max-image-preview:large","max-video-preview":"max-video-preview:-1"},"canonical":"https:\/\/ergotherapie-kaffeetrichter.de\/en\/rueckrufservice\/","og_locale":"en_GB","og_type":"article","og_title":"R\u00fcckrufservice | Ergotherapie am Kaffeetrichter Erfurt","og_description":"Wir w\u00fcrden uns sehr \u00fcber dein Patientenfeedback freuen. >> Erfahre hier mehr und gib deine Bewertung mittels kurzem Formular ab.","og_url":"https:\/\/ergotherapie-kaffeetrichter.de\/en\/rueckrufservice\/","og_site_name":"Ergotherapie am Kaffeetrichter Erfurt","article_publisher":"https:\/\/www.facebook.com\/ergotherapieamkaffeetrichter","article_modified_time":"2024-09-09T10:16:43+00:00","og_image":[{"width":1002,"height":626,"url":"https:\/\/ergotherapie-kaffeetrichter.de\/wp-content\/uploads\/2022\/06\/Logo-freigestellt.png","type":"image\/png"}],"twitter_card":"summary_large_image","twitter_misc":{"Estimated reading time":"2 minutes"},"schema":{"@context":"https:\/\/schema.org","@graph":[{"@type":"WebPage","@id":"https:\/\/ergotherapie-kaffeetrichter.de\/rueckrufservice\/","url":"https:\/\/ergotherapie-kaffeetrichter.de\/rueckrufservice\/","name":"R\u00fcckrufservice | Ergotherapie am Kaffeetrichter Erfurt","isPartOf":{"@id":"https:\/\/ergotherapie-kaffeetrichter.de\/#website"},"datePublished":"2024-09-09T08:27:47+00:00","dateModified":"2024-09-09T10:16:43+00:00","description":"Wir w\u00fcrden uns sehr \u00fcber dein Patientenfeedback freuen. >> Erfahre hier mehr und gib deine Bewertung mittels kurzem Formular ab.","breadcrumb":{"@id":"https:\/\/ergotherapie-kaffeetrichter.de\/rueckrufservice\/#breadcrumb"},"inLanguage":"en-GB","potentialAction":[{"@type":"ReadAction","target":["https:\/\/ergotherapie-kaffeetrichter.de\/rueckrufservice\/"]}]},{"@type":"BreadcrumbList","@id":"https:\/\/ergotherapie-kaffeetrichter.de\/rueckrufservice\/#breadcrumb","itemListElement":[{"@type":"ListItem","position":1,"name":"Startseite","item":"https:\/\/ergotherapie-kaffeetrichter.de\/"},{"@type":"ListItem","position":2,"name":"R\u00fcckrufservice"}]},{"@type":"WebSite","@id":"https:\/\/ergotherapie-kaffeetrichter.de\/#website","url":"https:\/\/ergotherapie-kaffeetrichter.de\/","name":"Occupational therapy at Kaffeetrichter Erfurt","description":"Occupational therapy at Kaffeetrichter Erfurt","publisher":{"@id":"https:\/\/ergotherapie-kaffeetrichter.de\/#organization"},"potentialAction":[{"@type":"SearchAction","target":{"@type":"EntryPoint","urlTemplate":"https:\/\/ergotherapie-kaffeetrichter.de\/?s={search_term_string}"},"query-input":{"@type":"PropertyValueSpecification","valueRequired":true,"valueName":"search_term_string"}}],"inLanguage":"en-GB"},{"@type":"Organization","@id":"https:\/\/ergotherapie-kaffeetrichter.de\/#organization","name":"Occupational therapy at Kaffeetrichter Erfurt","url":"https:\/\/ergotherapie-kaffeetrichter.de\/","logo":{"@type":"ImageObject","inLanguage":"en-GB","@id":"https:\/\/ergotherapie-kaffeetrichter.de\/#\/schema\/logo\/image\/","url":"https:\/\/ergotherapie-kaffeetrichter.de\/wp-content\/uploads\/2022\/06\/Logo-freigestellt.png","contentUrl":"https:\/\/ergotherapie-kaffeetrichter.de\/wp-content\/uploads\/2022\/06\/Logo-freigestellt.png","width":1002,"height":626,"caption":"Ergotherapie am Kaffeetrichter Erfurt"},"image":{"@id":"https:\/\/ergotherapie-kaffeetrichter.de\/#\/schema\/logo\/image\/"},"sameAs":["https:\/\/www.facebook.com\/ergotherapieamkaffeetrichter"]}]}},"_links":{"self":[{"href":"https:\/\/ergotherapie-kaffeetrichter.de\/en\/wp-json\/wp\/v2\/pages\/2492","targetHints":{"allow":["GET"]}}],"collection":[{"href":"https:\/\/ergotherapie-kaffeetrichter.de\/en\/wp-json\/wp\/v2\/pages"}],"about":[{"href":"https:\/\/ergotherapie-kaffeetrichter.de\/en\/wp-json\/wp\/v2\/types\/page"}],"author":[{"embeddable":true,"href":"https:\/\/ergotherapie-kaffeetrichter.de\/en\/wp-json\/wp\/v2\/users\/1"}],"replies":[{"embeddable":true,"href":"https:\/\/ergotherapie-kaffeetrichter.de\/en\/wp-json\/wp\/v2\/comments?post=2492"}],"version-history":[{"count":16,"href":"https:\/\/ergotherapie-kaffeetrichter.de\/en\/wp-json\/wp\/v2\/pages\/2492\/revisions"}],"predecessor-version":[{"id":2514,"href":"https:\/\/ergotherapie-kaffeetrichter.de\/en\/wp-json\/wp\/v2\/pages\/2492\/revisions\/2514"}],"wp:attachment":[{"href":"https:\/\/ergotherapie-kaffeetrichter.de\/en\/wp-json\/wp\/v2\/media?parent=2492"}],"curies":[{"name":"wp","href":"https:\/\/api.w.org\/{rel}","templated":true}]}}