{"id":1580,"date":"2022-07-20T12:11:05","date_gmt":"2022-07-20T12:11:05","guid":{"rendered":"http:\/\/s909526602.online.de\/?page_id=1580"},"modified":"2022-10-27T10:04:13","modified_gmt":"2022-10-27T10:04:13","slug":"urheberrechtshinweise","status":"publish","type":"page","link":"https:\/\/ergotherapie-kaffeetrichter.de\/en\/urheberrechtshinweise\/","title":{"rendered":"Copyright information"},"content":{"rendered":"\t\t<div data-elementor-type=\"wp-post\" data-elementor-id=\"1580\" class=\"elementor elementor-1580\" data-elementor-settings=\"{&quot;ha_cmc_init_switcher&quot;:&quot;no&quot;}\">\n\t\t\t\t\t\t<section class=\"elementor-section elementor-top-section elementor-element elementor-element-f46d3e0 elementor-section-height-min-height elementor-section-boxed elementor-section-height-default elementor-section-items-middle\" data-id=\"f46d3e0\" data-element_type=\"section\" data-e-type=\"section\" data-settings=\"{&quot;background_background&quot;:&quot;classic&quot;,&quot;_ha_eqh_enable&quot;:false}\">\n\t\t\t\t\t\t\t<div class=\"elementor-background-overlay\"><\/div>\n\t\t\t\t\t\t\t<div class=\"elementor-container elementor-column-gap-default\">\n\t\t\t\t\t<div class=\"elementor-column elementor-col-100 elementor-top-column elementor-element elementor-element-b8866d3\" data-id=\"b8866d3\" data-element_type=\"column\" data-e-type=\"column\">\n\t\t\t<div class=\"elementor-widget-wrap elementor-element-populated\">\n\t\t\t\t\t\t<div class=\"elementor-element elementor-element-d0115ca elementor-widget elementor-widget-heading\" data-id=\"d0115ca\" data-element_type=\"widget\" data-e-type=\"widget\" data-widget_type=\"heading.default\">\n\t\t\t\t<div class=\"elementor-widget-container\">\n\t\t\t\t\t<h1 class=\"elementor-heading-title elementor-size-default\">Urheberrechtshinweise<\/h1>\t\t\t\t<\/div>\n\t\t\t\t<\/div>\n\t\t\t\t\t<\/div>\n\t\t<\/div>\n\t\t\t\t\t<\/div>\n\t\t<\/section>\n\t\t\t\t<section class=\"elementor-section elementor-top-section elementor-element elementor-element-a302d0a elementor-section-boxed elementor-section-height-default elementor-section-height-default\" data-id=\"a302d0a\" data-element_type=\"section\" data-e-type=\"section\" data-settings=\"{&quot;_ha_eqh_enable&quot;:false}\">\n\t\t\t\t\t\t<div class=\"elementor-container elementor-column-gap-default\">\n\t\t\t\t\t<div class=\"elementor-column elementor-col-100 elementor-top-column elementor-element elementor-element-c922935\" data-id=\"c922935\" data-element_type=\"column\" data-e-type=\"column\">\n\t\t\t<div class=\"elementor-widget-wrap elementor-element-populated\">\n\t\t\t\t\t\t<div class=\"elementor-element elementor-element-3cd1951 elementor-widget elementor-widget-shortcode\" data-id=\"3cd1951\" data-element_type=\"widget\" data-e-type=\"widget\" data-widget_type=\"shortcode.default\">\n\t\t\t\t<div class=\"elementor-widget-container\">\n\t\t\t\t\t\t\t<div class=\"elementor-shortcode\">[isc_list_all included=\"all\"]<\/div>\n\t\t\t\t\t\t<\/div>\n\t\t\t\t<\/div>\n\t\t\t\t\t<\/div>\n\t\t<\/div>\n\t\t\t\t\t<\/div>\n\t\t<\/section>\n\t\t\t\t<\/div>\n\t\t","protected":false},"excerpt":{"rendered":"<p>Urheberrechtshinweise [isc_list_all included=&#8220;all&#8220;]<\/p>\n","protected":false},"author":1,"featured_media":0,"parent":0,"menu_order":0,"comment_status":"closed","ping_status":"closed","template":"","meta":{"om_disable_all_campaigns":false,"_monsterinsights_skip_tracking":false,"_monsterinsights_sitenote_active":false,"_monsterinsights_sitenote_note":"","_monsterinsights_sitenote_category":0,"site-sidebar-layout":"no-sidebar","site-content-layout":"page-builder","ast-site-content-layout":"default","site-content-style":"default","site-sidebar-style":"default","ast-global-header-display":"","ast-banner-title-visibility":"","ast-main-header-display":"","ast-hfb-above-header-display":"","ast-hfb-below-header-display":"","ast-hfb-mobile-header-display":"","site-post-title":"disabled","ast-breadcrumbs-content":"","ast-featured-img":"disabled","footer-sml-layout":"","ast-disable-related-posts":"","theme-transparent-header-meta":"","adv-header-id-meta":"","stick-header-meta":"","header-above-stick-meta":"","header-main-stick-meta":"","header-below-stick-meta":"","astra-migrate-meta-layouts":"default","ast-page-background-enabled":"default","ast-page-background-meta":{"desktop":{"background-color":"","background-image":"","background-repeat":"repeat","background-position":"center center","background-size":"auto","background-attachment":"scroll","background-type":"","background-media":"","overlay-type":"","overlay-color":"","overlay-opacity":"","overlay-gradient":""},"tablet":{"background-color":"","background-image":"","background-repeat":"repeat","background-position":"center center","background-size":"auto","background-attachment":"scroll","background-type":"","background-media":"","overlay-type":"","overlay-color":"","overlay-opacity":"","overlay-gradient":""},"mobile":{"background-color":"","background-image":"","background-repeat":"repeat","background-position":"center center","background-size":"auto","background-attachment":"scroll","background-type":"","background-media":"","overlay-type":"","overlay-color":"","overlay-opacity":"","overlay-gradient":""}},"ast-content-background-meta":{"desktop":{"background-color":"var(--ast-global-color-5)","background-image":"","background-repeat":"repeat","background-position":"center center","background-size":"auto","background-attachment":"scroll","background-type":"","background-media":"","overlay-type":"","overlay-color":"","overlay-opacity":"","overlay-gradient":""},"tablet":{"background-color":"var(--ast-global-color-5)","background-image":"","background-repeat":"repeat","background-position":"center center","background-size":"auto","background-attachment":"scroll","background-type":"","background-media":"","overlay-type":"","overlay-color":"","overlay-opacity":"","overlay-gradient":""},"mobile":{"background-color":"var(--ast-global-color-5)","background-image":"","background-repeat":"repeat","background-position":"center center","background-size":"auto","background-attachment":"scroll","background-type":"","background-media":"","overlay-type":"","overlay-color":"","overlay-opacity":"","overlay-gradient":""}},"footnotes":""},"class_list":["post-1580","page","type-page","status-publish","hentry"],"aioseo_notices":[],"yoast_head":"<!-- This site is optimized with the Yoast SEO plugin v27.0 - https:\/\/yoast.com\/product\/yoast-seo-wordpress\/ -->\n<title>Urheberrechtshinweise | Ergotherapie am Kaffeetrichter Erfurt<\/title>\n<meta name=\"description\" content=\"Hier erh\u00e4ltst du einen \u00dcberblick \u00fcber die verwendeten Bilder und Informationen zu Bildquellen.\" \/>\n<meta name=\"robots\" content=\"index, follow, max-snippet:-1, max-image-preview:large, max-video-preview:-1\" \/>\n<link rel=\"canonical\" href=\"https:\/\/ergotherapie-kaffeetrichter.de\/en\/urheberrechtshinweise\/\" \/>\n<meta property=\"og:locale\" content=\"en_GB\" \/>\n<meta property=\"og:type\" content=\"article\" \/>\n<meta property=\"og:title\" content=\"Urheberrechtshinweise | Ergotherapie am Kaffeetrichter Erfurt\" \/>\n<meta property=\"og:description\" content=\"Hier erh\u00e4ltst du einen \u00dcberblick \u00fcber die verwendeten Bilder und Informationen zu Bildquellen.\" \/>\n<meta property=\"og:url\" content=\"https:\/\/ergotherapie-kaffeetrichter.de\/en\/urheberrechtshinweise\/\" \/>\n<meta property=\"og:site_name\" content=\"Ergotherapie am Kaffeetrichter Erfurt\" \/>\n<meta property=\"article:publisher\" content=\"https:\/\/www.facebook.com\/ergotherapieamkaffeetrichter\" \/>\n<meta property=\"article:modified_time\" content=\"2022-10-27T10:04:13+00:00\" \/>\n<meta property=\"og:image\" content=\"https:\/\/ergotherapie-kaffeetrichter.de\/wp-content\/uploads\/2022\/06\/Logo-freigestellt.png\" \/>\n\t<meta property=\"og:image:width\" content=\"1002\" \/>\n\t<meta property=\"og:image:height\" content=\"626\" \/>\n\t<meta property=\"og:image:type\" content=\"image\/png\" \/>\n<meta name=\"twitter:card\" content=\"summary_large_image\" \/>\n<meta name=\"twitter:label1\" content=\"Estimated reading time\" \/>\n\t<meta name=\"twitter:data1\" content=\"1 minute\" \/>\n<script type=\"application\/ld+json\" class=\"yoast-schema-graph\">{\"@context\":\"https:\/\/schema.org\",\"@graph\":[{\"@type\":\"WebPage\",\"@id\":\"https:\/\/ergotherapie-kaffeetrichter.de\/urheberrechtshinweise\/\",\"url\":\"https:\/\/ergotherapie-kaffeetrichter.de\/urheberrechtshinweise\/\",\"name\":\"Urheberrechtshinweise | Ergotherapie am Kaffeetrichter Erfurt\",\"isPartOf\":{\"@id\":\"https:\/\/ergotherapie-kaffeetrichter.de\/#website\"},\"datePublished\":\"2022-07-20T12:11:05+00:00\",\"dateModified\":\"2022-10-27T10:04:13+00:00\",\"description\":\"Hier erh\u00e4ltst du einen \u00dcberblick \u00fcber die verwendeten Bilder und Informationen zu Bildquellen.\",\"breadcrumb\":{\"@id\":\"https:\/\/ergotherapie-kaffeetrichter.de\/urheberrechtshinweise\/#breadcrumb\"},\"inLanguage\":\"en-GB\",\"potentialAction\":[{\"@type\":\"ReadAction\",\"target\":[\"https:\/\/ergotherapie-kaffeetrichter.de\/urheberrechtshinweise\/\"]}]},{\"@type\":\"BreadcrumbList\",\"@id\":\"https:\/\/ergotherapie-kaffeetrichter.de\/urheberrechtshinweise\/#breadcrumb\",\"itemListElement\":[{\"@type\":\"ListItem\",\"position\":1,\"name\":\"Startseite\",\"item\":\"https:\/\/ergotherapie-kaffeetrichter.de\/\"},{\"@type\":\"ListItem\",\"position\":2,\"name\":\"Urheberrechtshinweise\"}]},{\"@type\":\"WebSite\",\"@id\":\"https:\/\/ergotherapie-kaffeetrichter.de\/#website\",\"url\":\"https:\/\/ergotherapie-kaffeetrichter.de\/\",\"name\":\"Ergotherapie am Kaffeetrichter Erfurt\",\"description\":\"Ergotherapie am Kaffeetrichter Erfurt\",\"publisher\":{\"@id\":\"https:\/\/ergotherapie-kaffeetrichter.de\/#organization\"},\"potentialAction\":[{\"@type\":\"SearchAction\",\"target\":{\"@type\":\"EntryPoint\",\"urlTemplate\":\"https:\/\/ergotherapie-kaffeetrichter.de\/?s={search_term_string}\"},\"query-input\":{\"@type\":\"PropertyValueSpecification\",\"valueRequired\":true,\"valueName\":\"search_term_string\"}}],\"inLanguage\":\"en-GB\"},{\"@type\":\"Organization\",\"@id\":\"https:\/\/ergotherapie-kaffeetrichter.de\/#organization\",\"name\":\"Ergotherapie am Kaffeetrichter Erfurt\",\"url\":\"https:\/\/ergotherapie-kaffeetrichter.de\/\",\"logo\":{\"@type\":\"ImageObject\",\"inLanguage\":\"en-GB\",\"@id\":\"https:\/\/ergotherapie-kaffeetrichter.de\/#\/schema\/logo\/image\/\",\"url\":\"https:\/\/ergotherapie-kaffeetrichter.de\/wp-content\/uploads\/2022\/06\/Logo-freigestellt.png\",\"contentUrl\":\"https:\/\/ergotherapie-kaffeetrichter.de\/wp-content\/uploads\/2022\/06\/Logo-freigestellt.png\",\"width\":1002,\"height\":626,\"caption\":\"Ergotherapie am Kaffeetrichter Erfurt\"},\"image\":{\"@id\":\"https:\/\/ergotherapie-kaffeetrichter.de\/#\/schema\/logo\/image\/\"},\"sameAs\":[\"https:\/\/www.facebook.com\/ergotherapieamkaffeetrichter\"]}]}<\/script>\n<!-- \/ Yoast SEO plugin. -->","yoast_head_json":{"title":"Urheberrechtshinweise | Ergotherapie am Kaffeetrichter Erfurt","description":"Hier erh\u00e4ltst du einen \u00dcberblick \u00fcber die verwendeten Bilder und Informationen zu Bildquellen.","robots":{"index":"index","follow":"follow","max-snippet":"max-snippet:-1","max-image-preview":"max-image-preview:large","max-video-preview":"max-video-preview:-1"},"canonical":"https:\/\/ergotherapie-kaffeetrichter.de\/en\/urheberrechtshinweise\/","og_locale":"en_GB","og_type":"article","og_title":"Urheberrechtshinweise | Ergotherapie am Kaffeetrichter Erfurt","og_description":"Hier erh\u00e4ltst du einen \u00dcberblick \u00fcber die verwendeten Bilder und Informationen zu Bildquellen.","og_url":"https:\/\/ergotherapie-kaffeetrichter.de\/en\/urheberrechtshinweise\/","og_site_name":"Ergotherapie am Kaffeetrichter Erfurt","article_publisher":"https:\/\/www.facebook.com\/ergotherapieamkaffeetrichter","article_modified_time":"2022-10-27T10:04:13+00:00","og_image":[{"width":1002,"height":626,"url":"https:\/\/ergotherapie-kaffeetrichter.de\/wp-content\/uploads\/2022\/06\/Logo-freigestellt.png","type":"image\/png"}],"twitter_card":"summary_large_image","twitter_misc":{"Estimated reading time":"1 minute"},"schema":{"@context":"https:\/\/schema.org","@graph":[{"@type":"WebPage","@id":"https:\/\/ergotherapie-kaffeetrichter.de\/urheberrechtshinweise\/","url":"https:\/\/ergotherapie-kaffeetrichter.de\/urheberrechtshinweise\/","name":"Urheberrechtshinweise | Ergotherapie am Kaffeetrichter Erfurt","isPartOf":{"@id":"https:\/\/ergotherapie-kaffeetrichter.de\/#website"},"datePublished":"2022-07-20T12:11:05+00:00","dateModified":"2022-10-27T10:04:13+00:00","description":"Hier erh\u00e4ltst du einen \u00dcberblick \u00fcber die verwendeten Bilder und Informationen zu Bildquellen.","breadcrumb":{"@id":"https:\/\/ergotherapie-kaffeetrichter.de\/urheberrechtshinweise\/#breadcrumb"},"inLanguage":"en-GB","potentialAction":[{"@type":"ReadAction","target":["https:\/\/ergotherapie-kaffeetrichter.de\/urheberrechtshinweise\/"]}]},{"@type":"BreadcrumbList","@id":"https:\/\/ergotherapie-kaffeetrichter.de\/urheberrechtshinweise\/#breadcrumb","itemListElement":[{"@type":"ListItem","position":1,"name":"Startseite","item":"https:\/\/ergotherapie-kaffeetrichter.de\/"},{"@type":"ListItem","position":2,"name":"Urheberrechtshinweise"}]},{"@type":"WebSite","@id":"https:\/\/ergotherapie-kaffeetrichter.de\/#website","url":"https:\/\/ergotherapie-kaffeetrichter.de\/","name":"Occupational therapy at Kaffeetrichter Erfurt","description":"Occupational therapy at Kaffeetrichter Erfurt","publisher":{"@id":"https:\/\/ergotherapie-kaffeetrichter.de\/#organization"},"potentialAction":[{"@type":"SearchAction","target":{"@type":"EntryPoint","urlTemplate":"https:\/\/ergotherapie-kaffeetrichter.de\/?s={search_term_string}"},"query-input":{"@type":"PropertyValueSpecification","valueRequired":true,"valueName":"search_term_string"}}],"inLanguage":"en-GB"},{"@type":"Organization","@id":"https:\/\/ergotherapie-kaffeetrichter.de\/#organization","name":"Occupational therapy at Kaffeetrichter Erfurt","url":"https:\/\/ergotherapie-kaffeetrichter.de\/","logo":{"@type":"ImageObject","inLanguage":"en-GB","@id":"https:\/\/ergotherapie-kaffeetrichter.de\/#\/schema\/logo\/image\/","url":"https:\/\/ergotherapie-kaffeetrichter.de\/wp-content\/uploads\/2022\/06\/Logo-freigestellt.png","contentUrl":"https:\/\/ergotherapie-kaffeetrichter.de\/wp-content\/uploads\/2022\/06\/Logo-freigestellt.png","width":1002,"height":626,"caption":"Ergotherapie am Kaffeetrichter Erfurt"},"image":{"@id":"https:\/\/ergotherapie-kaffeetrichter.de\/#\/schema\/logo\/image\/"},"sameAs":["https:\/\/www.facebook.com\/ergotherapieamkaffeetrichter"]}]}},"_links":{"self":[{"href":"https:\/\/ergotherapie-kaffeetrichter.de\/en\/wp-json\/wp\/v2\/pages\/1580","targetHints":{"allow":["GET"]}}],"collection":[{"href":"https:\/\/ergotherapie-kaffeetrichter.de\/en\/wp-json\/wp\/v2\/pages"}],"about":[{"href":"https:\/\/ergotherapie-kaffeetrichter.de\/en\/wp-json\/wp\/v2\/types\/page"}],"author":[{"embeddable":true,"href":"https:\/\/ergotherapie-kaffeetrichter.de\/en\/wp-json\/wp\/v2\/users\/1"}],"replies":[{"embeddable":true,"href":"https:\/\/ergotherapie-kaffeetrichter.de\/en\/wp-json\/wp\/v2\/comments?post=1580"}],"version-history":[{"count":0,"href":"https:\/\/ergotherapie-kaffeetrichter.de\/en\/wp-json\/wp\/v2\/pages\/1580\/revisions"}],"wp:attachment":[{"href":"https:\/\/ergotherapie-kaffeetrichter.de\/en\/wp-json\/wp\/v2\/media?parent=1580"}],"curies":[{"name":"wp","href":"https:\/\/api.w.org\/{rel}","templated":true}]}}