{"id":1408,"date":"2022-07-14T20:05:01","date_gmt":"2022-07-14T20:05:01","guid":{"rendered":"http:\/\/s909526602.online.de\/?page_id=1408"},"modified":"2024-09-12T11:25:46","modified_gmt":"2024-09-12T11:25:46","slug":"praxis","status":"publish","type":"page","link":"https:\/\/ergotherapie-kaffeetrichter.de\/en\/praxis\/","title":{"rendered":"Our practice"},"content":{"rendered":"<div data-elementor-type=\"wp-post\" data-elementor-id=\"1408\" class=\"elementor elementor-1408\" data-elementor-settings=\"{&quot;ha_cmc_init_switcher&quot;:&quot;no&quot;}\">\n\t\t\t\t\t\t<section class=\"elementor-section elementor-top-section elementor-element elementor-element-f46d3e0 elementor-section-height-min-height elementor-section-boxed elementor-section-height-default elementor-section-items-middle\" data-id=\"f46d3e0\" data-element_type=\"section\" data-e-type=\"section\" data-settings=\"{&quot;background_background&quot;:&quot;classic&quot;,&quot;_ha_eqh_enable&quot;:false}\">\n\t\t\t\t\t\t\t<div class=\"elementor-background-overlay\"><\/div>\n\t\t\t\t\t\t\t<div class=\"elementor-container elementor-column-gap-default\">\n\t\t\t\t\t<div class=\"elementor-column elementor-col-100 elementor-top-column elementor-element elementor-element-b8866d3\" data-id=\"b8866d3\" data-element_type=\"column\" data-e-type=\"column\">\n\t\t\t<div class=\"elementor-widget-wrap elementor-element-populated\">\n\t\t\t\t\t\t<div class=\"elementor-element elementor-element-d0115ca elementor-widget elementor-widget-heading\" data-id=\"d0115ca\" data-element_type=\"widget\" data-e-type=\"widget\" data-widget_type=\"heading.default\">\n\t\t\t\t<div class=\"elementor-widget-container\">\n\t\t\t\t\t<h1 class=\"elementor-heading-title elementor-size-default\">The occupational therapy practice at Kaffeetrichter Erfurt<\/h1>\t\t\t\t<\/div>\n\t\t\t\t<\/div>\n\t\t\t\t\t<\/div>\n\t\t<\/div>\n\t\t\t\t\t<\/div>\n\t\t<\/section>\n\t\t\t\t<section class=\"elementor-section elementor-top-section elementor-element elementor-element-8f2f204 elementor-section-boxed elementor-section-height-default elementor-section-height-default\" data-id=\"8f2f204\" data-element_type=\"section\" data-e-type=\"section\" data-settings=\"{&quot;_ha_eqh_enable&quot;:false}\">\n\t\t\t\t\t\t<div class=\"elementor-container elementor-column-gap-default\">\n\t\t\t\t\t<div class=\"elementor-column elementor-col-100 elementor-top-column elementor-element elementor-element-1af2005\" data-id=\"1af2005\" data-element_type=\"column\" data-e-type=\"column\">\n\t\t\t<div class=\"elementor-widget-wrap elementor-element-populated\">\n\t\t\t\t\t\t<div class=\"elementor-element elementor-element-92caa1b gallery-spacing-custom elementor-widget elementor-widget-image-gallery\" data-id=\"92caa1b\" data-element_type=\"widget\" data-e-type=\"widget\" data-widget_type=\"image-gallery.default\">\n\t\t\t\t<div class=\"elementor-widget-container\">\n\t\t\t\t\t\t\t<div class=\"elementor-image-gallery\">\n\t\t\t<div id='gallery-1' class='gallery galleryid-1408 gallery-columns-3 gallery-size-medium'><figure class='gallery-item'>\n\t\t\t<div class='gallery-icon landscape'>\n\t\t\t\t<a data-elementor-open-lightbox=\"yes\" data-elementor-lightbox-slideshow=\"92caa1b\" data-elementor-lightbox-title=\"Ergotherapie am Kaffeetrichter Erfurt - Einer unserer Praxisr\u00e4ume\" data-elementor-lightbox-description=\"Ergotherapie am Kaffeetrichter Erfurt - Einer unserer Praxisr\u00e4ume\" data-e-action-hash=\"#elementor-action%3Aaction%3Dlightbox%26settings%3DeyJpZCI6MTQxMCwidXJsIjoiaHR0cHM6XC9cL2VyZ290aGVyYXBpZS1rYWZmZWV0cmljaHRlci5kZVwvd3AtY29udGVudFwvdXBsb2Fkc1wvMjAyMlwvMDdcLzQwMjhfRXJnb0thZmZlZXRyaWNodGVyX1JhdW0uanBnIiwic2xpZGVzaG93IjoiOTJjYWExYiJ9\" href='https:\/\/ergotherapie-kaffeetrichter.de\/wp-content\/uploads\/2022\/07\/4028_ErgoKaffeetrichter_Raum.jpg'><img fetchpriority=\"high\" decoding=\"async\" width=\"300\" height=\"200\" src=\"https:\/\/ergotherapie-kaffeetrichter.de\/wp-content\/uploads\/2022\/07\/4028_ErgoKaffeetrichter_Raum-300x200.jpg\" class=\"attachment-medium size-medium\" alt=\"Ergotherapie am Kaffeetrichter Erfurt - Einer unserer Praxisr\u00e4ume\" aria-describedby=\"gallery-1-1410\" srcset=\"https:\/\/ergotherapie-kaffeetrichter.de\/wp-content\/uploads\/2022\/07\/4028_ErgoKaffeetrichter_Raum-300x200.jpg 300w, https:\/\/ergotherapie-kaffeetrichter.de\/wp-content\/uploads\/2022\/07\/4028_ErgoKaffeetrichter_Raum-1024x684.jpg 1024w, https:\/\/ergotherapie-kaffeetrichter.de\/wp-content\/uploads\/2022\/07\/4028_ErgoKaffeetrichter_Raum-768x513.jpg 768w, https:\/\/ergotherapie-kaffeetrichter.de\/wp-content\/uploads\/2022\/07\/4028_ErgoKaffeetrichter_Raum.jpg 1200w\" sizes=\"(max-width: 300px) 100vw, 300px\" \/><\/a>\n\t\t\t<\/div>\n\t\t\t\t<figcaption class='wp-caption-text gallery-caption' id='gallery-1-1410'>\n\t\t\t\tErgotherapie am Kaffeetrichter Erfurt &#8211; Einer unserer Praxisr\u00e4ume\n\t\t\t\t<\/figcaption><\/figure><figure class='gallery-item'>\n\t\t\t<div class='gallery-icon landscape'>\n\t\t\t\t<a data-elementor-open-lightbox=\"yes\" data-elementor-lightbox-slideshow=\"92caa1b\" data-elementor-lightbox-title=\"Ergotherapie am Kaffeetrichter Erfurt - Einer unserer Praxisr\u00e4ume\" data-elementor-lightbox-description=\"Ergotherapie am Kaffeetrichter Erfurt - Einer unserer Praxisr\u00e4ume\" data-e-action-hash=\"#elementor-action%3Aaction%3Dlightbox%26settings%3DeyJpZCI6MTQxNSwidXJsIjoiaHR0cHM6XC9cL2VyZ290aGVyYXBpZS1rYWZmZWV0cmljaHRlci5kZVwvd3AtY29udGVudFwvdXBsb2Fkc1wvMjAyMlwvMDdcLzQwNjRfRXJnb0thZmZlZXRyaWNodGVyX1JhdW0uanBnIiwic2xpZGVzaG93IjoiOTJjYWExYiJ9\" href='https:\/\/ergotherapie-kaffeetrichter.de\/wp-content\/uploads\/2022\/07\/4064_ErgoKaffeetrichter_Raum.jpg'><img decoding=\"async\" width=\"300\" height=\"200\" src=\"https:\/\/ergotherapie-kaffeetrichter.de\/wp-content\/uploads\/2022\/07\/4064_ErgoKaffeetrichter_Raum-300x200.jpg\" class=\"attachment-medium size-medium\" alt=\"Ergotherapie am Kaffeetrichter Erfurt - Einer unserer Praxisr\u00e4ume\" aria-describedby=\"gallery-1-1415\" srcset=\"https:\/\/ergotherapie-kaffeetrichter.de\/wp-content\/uploads\/2022\/07\/4064_ErgoKaffeetrichter_Raum-300x200.jpg 300w, https:\/\/ergotherapie-kaffeetrichter.de\/wp-content\/uploads\/2022\/07\/4064_ErgoKaffeetrichter_Raum-1024x684.jpg 1024w, https:\/\/ergotherapie-kaffeetrichter.de\/wp-content\/uploads\/2022\/07\/4064_ErgoKaffeetrichter_Raum-768x513.jpg 768w, https:\/\/ergotherapie-kaffeetrichter.de\/wp-content\/uploads\/2022\/07\/4064_ErgoKaffeetrichter_Raum.jpg 1200w\" sizes=\"(max-width: 300px) 100vw, 300px\" \/><\/a>\n\t\t\t<\/div>\n\t\t\t\t<figcaption class='wp-caption-text gallery-caption' id='gallery-1-1415'>\n\t\t\t\tErgotherapie am Kaffeetrichter Erfurt &#8211; Einer unserer Praxisr\u00e4ume\n\t\t\t\t<\/figcaption><\/figure><figure class='gallery-item'>\n\t\t\t<div class='gallery-icon landscape'>\n\t\t\t\t<a data-elementor-open-lightbox=\"yes\" data-elementor-lightbox-slideshow=\"92caa1b\" data-elementor-lightbox-title=\"Ergotherapie am Kaffeetrichter Erfurt - Einer unserer Praxisr\u00e4ume\" data-elementor-lightbox-description=\"Ergotherapie am Kaffeetrichter Erfurt - Einer unserer Praxisr\u00e4ume\" data-e-action-hash=\"#elementor-action%3Aaction%3Dlightbox%26settings%3DeyJpZCI6MTYyNCwidXJsIjoiaHR0cHM6XC9cL2VyZ290aGVyYXBpZS1rYWZmZWV0cmljaHRlci5kZVwvd3AtY29udGVudFwvdXBsb2Fkc1wvMjAyMlwvMTBcLzNNOUExNzgwLmpwZyIsInNsaWRlc2hvdyI6IjkyY2FhMWIifQ%3D%3D\" href='https:\/\/ergotherapie-kaffeetrichter.de\/wp-content\/uploads\/2022\/10\/3M9A1780.jpg'><img decoding=\"async\" width=\"300\" height=\"200\" src=\"https:\/\/ergotherapie-kaffeetrichter.de\/wp-content\/uploads\/2022\/10\/3M9A1780-300x200.jpg\" class=\"attachment-medium size-medium\" alt=\"Ergotherapie am Kaffeetrichter Erfurt - Einer unserer Praxisr\u00e4ume\" aria-describedby=\"gallery-1-1624\" srcset=\"https:\/\/ergotherapie-kaffeetrichter.de\/wp-content\/uploads\/2022\/10\/3M9A1780-300x200.jpg 300w, https:\/\/ergotherapie-kaffeetrichter.de\/wp-content\/uploads\/2022\/10\/3M9A1780-768x512.jpg 768w, https:\/\/ergotherapie-kaffeetrichter.de\/wp-content\/uploads\/2022\/10\/3M9A1780.jpg 1024w\" sizes=\"(max-width: 300px) 100vw, 300px\" \/><\/a>\n\t\t\t<\/div>\n\t\t\t\t<figcaption class='wp-caption-text gallery-caption' id='gallery-1-1624'>\n\t\t\t\tErgotherapie am Kaffeetrichter Erfurt &#8211; Einer unserer Praxisr\u00e4ume\n\t\t\t\t<\/figcaption><\/figure><figure class='gallery-item'>\n\t\t\t<div class='gallery-icon landscape'>\n\t\t\t\t<a data-elementor-open-lightbox=\"yes\" data-elementor-lightbox-slideshow=\"92caa1b\" data-elementor-lightbox-title=\"Ergotherapie am Kaffeetrichter Erfurt - Einer unserer Praxisr\u00e4ume\" data-elementor-lightbox-description=\"Ergotherapie am Kaffeetrichter Erfurt - Einer unserer Praxisr\u00e4ume\" data-e-action-hash=\"#elementor-action%3Aaction%3Dlightbox%26settings%3DeyJpZCI6MTQxMywidXJsIjoiaHR0cHM6XC9cL2VyZ290aGVyYXBpZS1rYWZmZWV0cmljaHRlci5kZVwvd3AtY29udGVudFwvdXBsb2Fkc1wvMjAyMlwvMDdcLzQwNTNfRXJnb0thZmZlZXRyaWNodGVyX1JhdW0uanBnIiwic2xpZGVzaG93IjoiOTJjYWExYiJ9\" href='https:\/\/ergotherapie-kaffeetrichter.de\/wp-content\/uploads\/2022\/07\/4053_ErgoKaffeetrichter_Raum.jpg'><img loading=\"lazy\" decoding=\"async\" width=\"300\" height=\"200\" src=\"https:\/\/ergotherapie-kaffeetrichter.de\/wp-content\/uploads\/2022\/07\/4053_ErgoKaffeetrichter_Raum-300x200.jpg\" class=\"attachment-medium size-medium\" alt=\"Ergotherapie am Kaffeetrichter Erfurt - Einer unserer Praxisr\u00e4ume\" aria-describedby=\"gallery-1-1413\" srcset=\"https:\/\/ergotherapie-kaffeetrichter.de\/wp-content\/uploads\/2022\/07\/4053_ErgoKaffeetrichter_Raum-300x200.jpg 300w, https:\/\/ergotherapie-kaffeetrichter.de\/wp-content\/uploads\/2022\/07\/4053_ErgoKaffeetrichter_Raum-1024x684.jpg 1024w, https:\/\/ergotherapie-kaffeetrichter.de\/wp-content\/uploads\/2022\/07\/4053_ErgoKaffeetrichter_Raum-768x513.jpg 768w, https:\/\/ergotherapie-kaffeetrichter.de\/wp-content\/uploads\/2022\/07\/4053_ErgoKaffeetrichter_Raum.jpg 1200w\" sizes=\"(max-width: 300px) 100vw, 300px\" \/><\/a>\n\t\t\t<\/div>\n\t\t\t\t<figcaption class='wp-caption-text gallery-caption' id='gallery-1-1413'>\n\t\t\t\tErgotherapie am Kaffeetrichter Erfurt &#8211; Einer unserer Praxisr\u00e4ume\n\t\t\t\t<\/figcaption><\/figure><figure class='gallery-item'>\n\t\t\t<div class='gallery-icon landscape'>\n\t\t\t\t<a data-elementor-open-lightbox=\"yes\" data-elementor-lightbox-slideshow=\"92caa1b\" data-elementor-lightbox-title=\"Ergotherapie am Kaffeetrichter Erfurt - Einer unserer Praxisr\u00e4ume\" data-elementor-lightbox-description=\"Ergotherapie am Kaffeetrichter Erfurt - Einer unserer Praxisr\u00e4ume\" data-e-action-hash=\"#elementor-action%3Aaction%3Dlightbox%26settings%3DeyJpZCI6MTYyMywidXJsIjoiaHR0cHM6XC9cL2VyZ290aGVyYXBpZS1rYWZmZWV0cmljaHRlci5kZVwvd3AtY29udGVudFwvdXBsb2Fkc1wvMjAyMlwvMTBcLzNNOUExNzYzLmpwZyIsInNsaWRlc2hvdyI6IjkyY2FhMWIifQ%3D%3D\" href='https:\/\/ergotherapie-kaffeetrichter.de\/wp-content\/uploads\/2022\/10\/3M9A1763.jpg'><img loading=\"lazy\" decoding=\"async\" width=\"300\" height=\"200\" src=\"https:\/\/ergotherapie-kaffeetrichter.de\/wp-content\/uploads\/2022\/10\/3M9A1763-300x200.jpg\" class=\"attachment-medium size-medium\" alt=\"Ergotherapie am Kaffeetrichter Erfurt - Einer unserer Praxisr\u00e4ume\" aria-describedby=\"gallery-1-1623\" srcset=\"https:\/\/ergotherapie-kaffeetrichter.de\/wp-content\/uploads\/2022\/10\/3M9A1763-300x200.jpg 300w, https:\/\/ergotherapie-kaffeetrichter.de\/wp-content\/uploads\/2022\/10\/3M9A1763-768x512.jpg 768w, https:\/\/ergotherapie-kaffeetrichter.de\/wp-content\/uploads\/2022\/10\/3M9A1763.jpg 1024w\" sizes=\"(max-width: 300px) 100vw, 300px\" \/><\/a>\n\t\t\t<\/div>\n\t\t\t\t<figcaption class='wp-caption-text gallery-caption' id='gallery-1-1623'>\n\t\t\t\tErgotherapie am Kaffeetrichter Erfurt &#8211; Einer unserer Praxisr\u00e4ume\n\t\t\t\t<\/figcaption><\/figure><figure class='gallery-item'>\n\t\t\t<div class='gallery-icon landscape'>\n\t\t\t\t<a data-elementor-open-lightbox=\"yes\" data-elementor-lightbox-slideshow=\"92caa1b\" data-elementor-lightbox-title=\"Ergotherapie am Kaffeetrichter Erfurt - Flur und Wartebereich\" data-elementor-lightbox-description=\"Ergotherapie am Kaffeetrichter Erfurt - Flur und Wartebereich\" data-e-action-hash=\"#elementor-action%3Aaction%3Dlightbox%26settings%3DeyJpZCI6MjE1MywidXJsIjoiaHR0cHM6XC9cL2VyZ290aGVyYXBpZS1rYWZmZWV0cmljaHRlci5kZVwvd3AtY29udGVudFwvdXBsb2Fkc1wvMjAyMlwvMTFcL2NhY2hlXzcwNDYyNzYzLmpwZyIsInNsaWRlc2hvdyI6IjkyY2FhMWIifQ%3D%3D\" href='https:\/\/ergotherapie-kaffeetrichter.de\/wp-content\/uploads\/2022\/11\/cache_70462763.jpg'><img loading=\"lazy\" decoding=\"async\" width=\"300\" height=\"199\" src=\"https:\/\/ergotherapie-kaffeetrichter.de\/wp-content\/uploads\/2022\/11\/cache_70462763-300x199.jpg\" class=\"attachment-medium size-medium\" alt=\"Ergotherapie am Kaffeetrichter Erfurt - Flur und Wartebereich\" aria-describedby=\"gallery-1-2153\" srcset=\"https:\/\/ergotherapie-kaffeetrichter.de\/wp-content\/uploads\/2022\/11\/cache_70462763-300x199.jpg 300w, https:\/\/ergotherapie-kaffeetrichter.de\/wp-content\/uploads\/2022\/11\/cache_70462763-768x510.jpg 768w, https:\/\/ergotherapie-kaffeetrichter.de\/wp-content\/uploads\/2022\/11\/cache_70462763.jpg 800w\" sizes=\"(max-width: 300px) 100vw, 300px\" \/><\/a>\n\t\t\t<\/div>\n\t\t\t\t<figcaption class='wp-caption-text gallery-caption' id='gallery-1-2153'>\n\t\t\t\tErgotherapie am Kaffeetrichter Erfurt &#8211; Flur und Wartebereich\n\t\t\t\t<\/figcaption><\/figure>\n\t\t<\/div>\n\t\t<\/div>\n\t\t\t\t\t\t<\/div>\n\t\t\t\t<\/div>\n\t\t\t\t\t<\/div>\n\t\t<\/div>\n\t\t\t\t\t<\/div>\n\t\t<\/section>\n\t\t\t\t<\/div>","protected":false},"excerpt":{"rendered":"<p>Die Ergotherapie-Praxis am Kaffeetrichter Erfurt Ergotherapie am Kaffeetrichter Erfurt &#8211; Einer unserer Praxisr\u00e4ume Ergotherapie am Kaffeetrichter Erfurt &#8211; Einer unserer Praxisr\u00e4ume Ergotherapie am Kaffeetrichter Erfurt &#8211; Einer unserer Praxisr\u00e4ume Ergotherapie am Kaffeetrichter Erfurt &#8211; Einer unserer Praxisr\u00e4ume Ergotherapie am Kaffeetrichter Erfurt &#8211; Einer unserer Praxisr\u00e4ume Ergotherapie am Kaffeetrichter Erfurt &#8211; Flur und Wartebereich<\/p>","protected":false},"author":1,"featured_media":0,"parent":0,"menu_order":0,"comment_status":"closed","ping_status":"closed","template":"","meta":{"om_disable_all_campaigns":false,"_monsterinsights_skip_tracking":false,"_monsterinsights_sitenote_active":false,"_monsterinsights_sitenote_note":"","_monsterinsights_sitenote_category":0,"site-sidebar-layout":"no-sidebar","site-content-layout":"page-builder","ast-site-content-layout":"default","site-content-style":"default","site-sidebar-style":"default","ast-global-header-display":"","ast-banner-title-visibility":"","ast-main-header-display":"","ast-hfb-above-header-display":"","ast-hfb-below-header-display":"","ast-hfb-mobile-header-display":"","site-post-title":"disabled","ast-breadcrumbs-content":"","ast-featured-img":"disabled","footer-sml-layout":"","ast-disable-related-posts":"","theme-transparent-header-meta":"","adv-header-id-meta":"","stick-header-meta":"","header-above-stick-meta":"","header-main-stick-meta":"","header-below-stick-meta":"","astra-migrate-meta-layouts":"default","ast-page-background-enabled":"default","ast-page-background-meta":{"desktop":{"background-color":"","background-image":"","background-repeat":"repeat","background-position":"center center","background-size":"auto","background-attachment":"scroll","background-type":"","background-media":"","overlay-type":"","overlay-color":"","overlay-opacity":"","overlay-gradient":""},"tablet":{"background-color":"","background-image":"","background-repeat":"repeat","background-position":"center center","background-size":"auto","background-attachment":"scroll","background-type":"","background-media":"","overlay-type":"","overlay-color":"","overlay-opacity":"","overlay-gradient":""},"mobile":{"background-color":"","background-image":"","background-repeat":"repeat","background-position":"center center","background-size":"auto","background-attachment":"scroll","background-type":"","background-media":"","overlay-type":"","overlay-color":"","overlay-opacity":"","overlay-gradient":""}},"ast-content-background-meta":{"desktop":{"background-color":"var(--ast-global-color-5)","background-image":"","background-repeat":"repeat","background-position":"center center","background-size":"auto","background-attachment":"scroll","background-type":"","background-media":"","overlay-type":"","overlay-color":"","overlay-opacity":"","overlay-gradient":""},"tablet":{"background-color":"var(--ast-global-color-5)","background-image":"","background-repeat":"repeat","background-position":"center center","background-size":"auto","background-attachment":"scroll","background-type":"","background-media":"","overlay-type":"","overlay-color":"","overlay-opacity":"","overlay-gradient":""},"mobile":{"background-color":"var(--ast-global-color-5)","background-image":"","background-repeat":"repeat","background-position":"center center","background-size":"auto","background-attachment":"scroll","background-type":"","background-media":"","overlay-type":"","overlay-color":"","overlay-opacity":"","overlay-gradient":""}},"footnotes":""},"class_list":["post-1408","page","type-page","status-publish","hentry"],"aioseo_notices":[],"yoast_head":"<!-- This site is optimized with the Yoast SEO plugin v27.0 - https:\/\/yoast.com\/product\/yoast-seo-wordpress\/ -->\n<title>Unsere Praxis | Ergotherapie am Kaffeetrichter Erfurt<\/title>\n<meta name=\"description\" content=\"Klicke dich hier durch unsere R\u00e4umlichkeiten der Ergotherapie-Praxis am Kaffetrichter, Schillerstra\u00dfe 25 in Erfurt. Wir freuen uns auf dich!\" \/>\n<meta name=\"robots\" content=\"index, follow, max-snippet:-1, max-image-preview:large, max-video-preview:-1\" \/>\n<link rel=\"canonical\" href=\"https:\/\/ergotherapie-kaffeetrichter.de\/en\/praxis\/\" \/>\n<meta property=\"og:locale\" content=\"en_GB\" \/>\n<meta property=\"og:type\" content=\"article\" \/>\n<meta property=\"og:title\" content=\"Unsere Praxis | Ergotherapie am Kaffeetrichter Erfurt\" \/>\n<meta property=\"og:description\" content=\"Klicke dich hier durch unsere R\u00e4umlichkeiten der Ergotherapie-Praxis am Kaffetrichter, Schillerstra\u00dfe 25 in Erfurt. Wir freuen uns auf dich!\" \/>\n<meta property=\"og:url\" content=\"https:\/\/ergotherapie-kaffeetrichter.de\/en\/praxis\/\" \/>\n<meta property=\"og:site_name\" content=\"Ergotherapie am Kaffeetrichter Erfurt\" \/>\n<meta property=\"article:publisher\" content=\"https:\/\/www.facebook.com\/ergotherapieamkaffeetrichter\" \/>\n<meta property=\"article:modified_time\" content=\"2024-09-12T11:25:46+00:00\" \/>\n<meta property=\"og:image\" content=\"https:\/\/ergotherapie-kaffeetrichter.de\/wp-content\/uploads\/2022\/07\/4028_ErgoKaffeetrichter_Raum-300x200.jpg\" \/>\n<meta name=\"twitter:card\" content=\"summary_large_image\" \/>\n<meta name=\"twitter:label1\" content=\"Estimated reading time\" \/>\n\t<meta name=\"twitter:data1\" content=\"2 minutes\" \/>\n<script type=\"application\/ld+json\" class=\"yoast-schema-graph\">{\"@context\":\"https:\/\/schema.org\",\"@graph\":[{\"@type\":\"WebPage\",\"@id\":\"https:\/\/ergotherapie-kaffeetrichter.de\/praxis\/\",\"url\":\"https:\/\/ergotherapie-kaffeetrichter.de\/praxis\/\",\"name\":\"Unsere Praxis | Ergotherapie am Kaffeetrichter Erfurt\",\"isPartOf\":{\"@id\":\"https:\/\/ergotherapie-kaffeetrichter.de\/#website\"},\"primaryImageOfPage\":{\"@id\":\"https:\/\/ergotherapie-kaffeetrichter.de\/praxis\/#primaryimage\"},\"image\":{\"@id\":\"https:\/\/ergotherapie-kaffeetrichter.de\/praxis\/#primaryimage\"},\"thumbnailUrl\":\"https:\/\/ergotherapie-kaffeetrichter.de\/wp-content\/uploads\/2022\/07\/4028_ErgoKaffeetrichter_Raum-300x200.jpg\",\"datePublished\":\"2022-07-14T20:05:01+00:00\",\"dateModified\":\"2024-09-12T11:25:46+00:00\",\"description\":\"Klicke dich hier durch unsere R\u00e4umlichkeiten der Ergotherapie-Praxis am Kaffetrichter, Schillerstra\u00dfe 25 in Erfurt. Wir freuen uns auf dich!\",\"breadcrumb\":{\"@id\":\"https:\/\/ergotherapie-kaffeetrichter.de\/praxis\/#breadcrumb\"},\"inLanguage\":\"en-GB\",\"potentialAction\":[{\"@type\":\"ReadAction\",\"target\":[\"https:\/\/ergotherapie-kaffeetrichter.de\/praxis\/\"]}]},{\"@type\":\"ImageObject\",\"inLanguage\":\"en-GB\",\"@id\":\"https:\/\/ergotherapie-kaffeetrichter.de\/praxis\/#primaryimage\",\"url\":\"https:\/\/ergotherapie-kaffeetrichter.de\/wp-content\/uploads\/2022\/07\/4028_ErgoKaffeetrichter_Raum-300x200.jpg\",\"contentUrl\":\"https:\/\/ergotherapie-kaffeetrichter.de\/wp-content\/uploads\/2022\/07\/4028_ErgoKaffeetrichter_Raum-300x200.jpg\"},{\"@type\":\"BreadcrumbList\",\"@id\":\"https:\/\/ergotherapie-kaffeetrichter.de\/praxis\/#breadcrumb\",\"itemListElement\":[{\"@type\":\"ListItem\",\"position\":1,\"name\":\"Startseite\",\"item\":\"https:\/\/ergotherapie-kaffeetrichter.de\/\"},{\"@type\":\"ListItem\",\"position\":2,\"name\":\"Unsere Praxis\"}]},{\"@type\":\"WebSite\",\"@id\":\"https:\/\/ergotherapie-kaffeetrichter.de\/#website\",\"url\":\"https:\/\/ergotherapie-kaffeetrichter.de\/\",\"name\":\"Ergotherapie am Kaffeetrichter Erfurt\",\"description\":\"Ergotherapie am Kaffeetrichter Erfurt\",\"publisher\":{\"@id\":\"https:\/\/ergotherapie-kaffeetrichter.de\/#organization\"},\"potentialAction\":[{\"@type\":\"SearchAction\",\"target\":{\"@type\":\"EntryPoint\",\"urlTemplate\":\"https:\/\/ergotherapie-kaffeetrichter.de\/?s={search_term_string}\"},\"query-input\":{\"@type\":\"PropertyValueSpecification\",\"valueRequired\":true,\"valueName\":\"search_term_string\"}}],\"inLanguage\":\"en-GB\"},{\"@type\":\"Organization\",\"@id\":\"https:\/\/ergotherapie-kaffeetrichter.de\/#organization\",\"name\":\"Ergotherapie am Kaffeetrichter Erfurt\",\"url\":\"https:\/\/ergotherapie-kaffeetrichter.de\/\",\"logo\":{\"@type\":\"ImageObject\",\"inLanguage\":\"en-GB\",\"@id\":\"https:\/\/ergotherapie-kaffeetrichter.de\/#\/schema\/logo\/image\/\",\"url\":\"https:\/\/ergotherapie-kaffeetrichter.de\/wp-content\/uploads\/2022\/06\/Logo-freigestellt.png\",\"contentUrl\":\"https:\/\/ergotherapie-kaffeetrichter.de\/wp-content\/uploads\/2022\/06\/Logo-freigestellt.png\",\"width\":1002,\"height\":626,\"caption\":\"Ergotherapie am Kaffeetrichter Erfurt\"},\"image\":{\"@id\":\"https:\/\/ergotherapie-kaffeetrichter.de\/#\/schema\/logo\/image\/\"},\"sameAs\":[\"https:\/\/www.facebook.com\/ergotherapieamkaffeetrichter\"]}]}<\/script>\n<!-- \/ Yoast SEO plugin. -->","yoast_head_json":{"title":"Unsere Praxis | Ergotherapie am Kaffeetrichter Erfurt","description":"Klicke dich hier durch unsere R\u00e4umlichkeiten der Ergotherapie-Praxis am Kaffetrichter, Schillerstra\u00dfe 25 in Erfurt. Wir freuen uns auf dich!","robots":{"index":"index","follow":"follow","max-snippet":"max-snippet:-1","max-image-preview":"max-image-preview:large","max-video-preview":"max-video-preview:-1"},"canonical":"https:\/\/ergotherapie-kaffeetrichter.de\/en\/praxis\/","og_locale":"en_GB","og_type":"article","og_title":"Unsere Praxis | Ergotherapie am Kaffeetrichter Erfurt","og_description":"Klicke dich hier durch unsere R\u00e4umlichkeiten der Ergotherapie-Praxis am Kaffetrichter, Schillerstra\u00dfe 25 in Erfurt. Wir freuen uns auf dich!","og_url":"https:\/\/ergotherapie-kaffeetrichter.de\/en\/praxis\/","og_site_name":"Ergotherapie am Kaffeetrichter Erfurt","article_publisher":"https:\/\/www.facebook.com\/ergotherapieamkaffeetrichter","article_modified_time":"2024-09-12T11:25:46+00:00","og_image":[{"url":"https:\/\/ergotherapie-kaffeetrichter.de\/wp-content\/uploads\/2022\/07\/4028_ErgoKaffeetrichter_Raum-300x200.jpg","type":"","width":"","height":""}],"twitter_card":"summary_large_image","twitter_misc":{"Estimated reading time":"2 minutes"},"schema":{"@context":"https:\/\/schema.org","@graph":[{"@type":"WebPage","@id":"https:\/\/ergotherapie-kaffeetrichter.de\/praxis\/","url":"https:\/\/ergotherapie-kaffeetrichter.de\/praxis\/","name":"Unsere Praxis | Ergotherapie am Kaffeetrichter Erfurt","isPartOf":{"@id":"https:\/\/ergotherapie-kaffeetrichter.de\/#website"},"primaryImageOfPage":{"@id":"https:\/\/ergotherapie-kaffeetrichter.de\/praxis\/#primaryimage"},"image":{"@id":"https:\/\/ergotherapie-kaffeetrichter.de\/praxis\/#primaryimage"},"thumbnailUrl":"https:\/\/ergotherapie-kaffeetrichter.de\/wp-content\/uploads\/2022\/07\/4028_ErgoKaffeetrichter_Raum-300x200.jpg","datePublished":"2022-07-14T20:05:01+00:00","dateModified":"2024-09-12T11:25:46+00:00","description":"Klicke dich hier durch unsere R\u00e4umlichkeiten der Ergotherapie-Praxis am Kaffetrichter, Schillerstra\u00dfe 25 in Erfurt. Wir freuen uns auf dich!","breadcrumb":{"@id":"https:\/\/ergotherapie-kaffeetrichter.de\/praxis\/#breadcrumb"},"inLanguage":"en-GB","potentialAction":[{"@type":"ReadAction","target":["https:\/\/ergotherapie-kaffeetrichter.de\/praxis\/"]}]},{"@type":"ImageObject","inLanguage":"en-GB","@id":"https:\/\/ergotherapie-kaffeetrichter.de\/praxis\/#primaryimage","url":"https:\/\/ergotherapie-kaffeetrichter.de\/wp-content\/uploads\/2022\/07\/4028_ErgoKaffeetrichter_Raum-300x200.jpg","contentUrl":"https:\/\/ergotherapie-kaffeetrichter.de\/wp-content\/uploads\/2022\/07\/4028_ErgoKaffeetrichter_Raum-300x200.jpg"},{"@type":"BreadcrumbList","@id":"https:\/\/ergotherapie-kaffeetrichter.de\/praxis\/#breadcrumb","itemListElement":[{"@type":"ListItem","position":1,"name":"Startseite","item":"https:\/\/ergotherapie-kaffeetrichter.de\/"},{"@type":"ListItem","position":2,"name":"Unsere Praxis"}]},{"@type":"WebSite","@id":"https:\/\/ergotherapie-kaffeetrichter.de\/#website","url":"https:\/\/ergotherapie-kaffeetrichter.de\/","name":"Occupational therapy at Kaffeetrichter Erfurt","description":"Occupational therapy at Kaffeetrichter Erfurt","publisher":{"@id":"https:\/\/ergotherapie-kaffeetrichter.de\/#organization"},"potentialAction":[{"@type":"SearchAction","target":{"@type":"EntryPoint","urlTemplate":"https:\/\/ergotherapie-kaffeetrichter.de\/?s={search_term_string}"},"query-input":{"@type":"PropertyValueSpecification","valueRequired":true,"valueName":"search_term_string"}}],"inLanguage":"en-GB"},{"@type":"Organization","@id":"https:\/\/ergotherapie-kaffeetrichter.de\/#organization","name":"Occupational therapy at Kaffeetrichter Erfurt","url":"https:\/\/ergotherapie-kaffeetrichter.de\/","logo":{"@type":"ImageObject","inLanguage":"en-GB","@id":"https:\/\/ergotherapie-kaffeetrichter.de\/#\/schema\/logo\/image\/","url":"https:\/\/ergotherapie-kaffeetrichter.de\/wp-content\/uploads\/2022\/06\/Logo-freigestellt.png","contentUrl":"https:\/\/ergotherapie-kaffeetrichter.de\/wp-content\/uploads\/2022\/06\/Logo-freigestellt.png","width":1002,"height":626,"caption":"Ergotherapie am Kaffeetrichter Erfurt"},"image":{"@id":"https:\/\/ergotherapie-kaffeetrichter.de\/#\/schema\/logo\/image\/"},"sameAs":["https:\/\/www.facebook.com\/ergotherapieamkaffeetrichter"]}]}},"_links":{"self":[{"href":"https:\/\/ergotherapie-kaffeetrichter.de\/en\/wp-json\/wp\/v2\/pages\/1408","targetHints":{"allow":["GET"]}}],"collection":[{"href":"https:\/\/ergotherapie-kaffeetrichter.de\/en\/wp-json\/wp\/v2\/pages"}],"about":[{"href":"https:\/\/ergotherapie-kaffeetrichter.de\/en\/wp-json\/wp\/v2\/types\/page"}],"author":[{"embeddable":true,"href":"https:\/\/ergotherapie-kaffeetrichter.de\/en\/wp-json\/wp\/v2\/users\/1"}],"replies":[{"embeddable":true,"href":"https:\/\/ergotherapie-kaffeetrichter.de\/en\/wp-json\/wp\/v2\/comments?post=1408"}],"version-history":[{"count":3,"href":"https:\/\/ergotherapie-kaffeetrichter.de\/en\/wp-json\/wp\/v2\/pages\/1408\/revisions"}],"predecessor-version":[{"id":2533,"href":"https:\/\/ergotherapie-kaffeetrichter.de\/en\/wp-json\/wp\/v2\/pages\/1408\/revisions\/2533"}],"wp:attachment":[{"href":"https:\/\/ergotherapie-kaffeetrichter.de\/en\/wp-json\/wp\/v2\/media?parent=1408"}],"curies":[{"name":"wp","href":"https:\/\/api.w.org\/{rel}","templated":true}]}}