{"id":1272,"date":"2022-07-14T11:48:29","date_gmt":"2022-07-14T11:48:29","guid":{"rendered":"http:\/\/s909526602.online.de\/?page_id=1272"},"modified":"2024-11-29T09:57:52","modified_gmt":"2024-11-29T09:57:52","slug":"praeventionskurs","status":"publish","type":"page","link":"https:\/\/ergotherapie-kaffeetrichter.de\/en\/praeventionskurs\/","title":{"rendered":"Prevention course"},"content":{"rendered":"<div data-elementor-type=\"wp-post\" data-elementor-id=\"1272\" class=\"elementor elementor-1272\" data-elementor-settings=\"{&quot;ha_cmc_init_switcher&quot;:&quot;no&quot;}\">\n\t\t\t\t\t\t<section class=\"elementor-section elementor-top-section elementor-element elementor-element-b34be07 elementor-section-height-min-height elementor-section-boxed elementor-section-height-default elementor-section-items-middle\" data-id=\"b34be07\" data-element_type=\"section\" data-e-type=\"section\" data-settings=\"{&quot;background_background&quot;:&quot;classic&quot;,&quot;_ha_eqh_enable&quot;:false}\">\n\t\t\t\t\t\t\t<div class=\"elementor-background-overlay\"><\/div>\n\t\t\t\t\t\t\t<div class=\"elementor-container elementor-column-gap-default\">\n\t\t\t\t\t<div class=\"elementor-column elementor-col-100 elementor-top-column elementor-element elementor-element-55d0b9f\" data-id=\"55d0b9f\" data-element_type=\"column\" data-e-type=\"column\">\n\t\t\t<div class=\"elementor-widget-wrap elementor-element-populated\">\n\t\t\t\t\t\t<div class=\"elementor-element elementor-element-c198a87 elementor-widget elementor-widget-heading\" data-id=\"c198a87\" data-element_type=\"widget\" data-e-type=\"widget\" data-widget_type=\"heading.default\">\n\t\t\t\t<div class=\"elementor-widget-container\">\n\t\t\t\t\t<h2 class=\"elementor-heading-title elementor-size-default\">PMR<\/h2>\t\t\t\t<\/div>\n\t\t\t\t<\/div>\n\t\t\t\t<div class=\"elementor-element elementor-element-6c7ab31 elementor-widget elementor-widget-heading\" data-id=\"6c7ab31\" data-element_type=\"widget\" data-e-type=\"widget\" data-widget_type=\"heading.default\">\n\t\t\t\t<div class=\"elementor-widget-container\">\n\t\t\t\t\t<h1 class=\"elementor-heading-title elementor-size-default\">Progressive muscle relaxation according to Jacobson<\/h1>\t\t\t\t<\/div>\n\t\t\t\t<\/div>\n\t\t\t\t\t<\/div>\n\t\t<\/div>\n\t\t\t\t\t<\/div>\n\t\t<\/section>\n\t\t\t\t<section class=\"elementor-section elementor-top-section elementor-element elementor-element-d33c927 elementor-section-boxed elementor-section-height-default elementor-section-height-default\" data-id=\"d33c927\" data-element_type=\"section\" data-e-type=\"section\" data-settings=\"{&quot;_ha_eqh_enable&quot;:false}\">\n\t\t\t\t\t\t<div class=\"elementor-container elementor-column-gap-default\">\n\t\t\t\t\t<div class=\"elementor-column elementor-col-50 elementor-top-column elementor-element elementor-element-caca24e\" data-id=\"caca24e\" data-element_type=\"column\" data-e-type=\"column\">\n\t\t\t<div class=\"elementor-widget-wrap elementor-element-populated\">\n\t\t\t\t\t\t<div class=\"elementor-element elementor-element-6b38975f elementor-widget elementor-widget-text-editor\" data-id=\"6b38975f\" data-element_type=\"widget\" data-e-type=\"widget\" data-widget_type=\"text-editor.default\">\n\t\t\t\t<div class=\"elementor-widget-container\">\n\t\t\t\t\t\t\t\t\t<div>\u201cSerenity is the art of gaining the distance in the present situation that otherwise only time creates.\u201d<\/div>\t\t\t\t\t\t\t\t<\/div>\n\t\t\t\t<\/div>\n\t\t\t\t<div class=\"elementor-element elementor-element-d674e43 elementor-widget elementor-widget-text-editor\" data-id=\"d674e43\" data-element_type=\"widget\" data-e-type=\"widget\" data-widget_type=\"text-editor.default\">\n\t\t\t\t<div class=\"elementor-widget-container\">\n\t\t\t\t\t\t\t\t\t<p>(Hans-Joachim Eckstein)<\/p>\t\t\t\t\t\t\t\t<\/div>\n\t\t\t\t<\/div>\n\t\t\t\t\t<\/div>\n\t\t<\/div>\n\t\t\t\t<div class=\"elementor-column elementor-col-50 elementor-top-column elementor-element elementor-element-4ec1ec21\" data-id=\"4ec1ec21\" data-element_type=\"column\" data-e-type=\"column\">\n\t\t\t<div class=\"elementor-widget-wrap elementor-element-populated\">\n\t\t\t\t\t\t<div class=\"elementor-element elementor-element-55a0aa2 elementor-widget elementor-widget-heading\" data-id=\"55a0aa2\" data-element_type=\"widget\" data-e-type=\"widget\" data-widget_type=\"heading.default\">\n\t\t\t\t<div class=\"elementor-widget-container\">\n\t\t\t\t\t<h2 class=\"elementor-heading-title elementor-size-default\">PMR = Progressive muscle relaxation<\/h2>\t\t\t\t<\/div>\n\t\t\t\t<\/div>\n\t\t\t\t<div class=\"elementor-element elementor-element-4d0715a8 elementor-widget elementor-widget-text-editor\" data-id=\"4d0715a8\" data-element_type=\"widget\" data-e-type=\"widget\" data-widget_type=\"text-editor.default\">\n\t\t\t\t<div class=\"elementor-widget-container\">\n\t\t\t\t\t\t\t\t\t<p>PMR has long been used to control stress and has a positive effect on your state of mind through the perception of muscle relaxation.<br \/>During the course you have the opportunity to get to know your body's own states of relaxation and tension, eliminate muscle tension and achieve physical and mental relaxation.<\/p><p>Our course is an officially certified prevention course and is listed with all health insurance companies. This means that, depending on your health insurance company, you can be reimbursed up to 80% of the participation fees after completing the course.<\/p><p>The course lasts 10 weeks and takes place once a week in our practice.<\/p>\t\t\t\t\t\t\t\t<\/div>\n\t\t\t\t<\/div>\n\t\t\t\t\t<\/div>\n\t\t<\/div>\n\t\t\t\t\t<\/div>\n\t\t<\/section>\n\t\t<div class=\"elementor-element elementor-element-872be04 e-flex e-con-boxed e-con e-parent\" data-id=\"872be04\" data-element_type=\"container\" data-e-type=\"container\" data-settings=\"{&quot;background_background&quot;:&quot;classic&quot;,&quot;_ha_eqh_enable&quot;:false}\">\n\t\t\t\t\t<div class=\"e-con-inner\">\n\t\t<div class=\"elementor-element elementor-element-4ad9218 e-con-full e-flex e-con e-child\" data-id=\"4ad9218\" data-element_type=\"container\" data-e-type=\"container\" data-settings=\"{&quot;_ha_eqh_enable&quot;:false}\">\n\t\t\t\t<div class=\"elementor-element elementor-element-48de29e elementor-widget elementor-widget-text-editor\" data-id=\"48de29e\" data-element_type=\"widget\" data-e-type=\"widget\" data-widget_type=\"text-editor.default\">\n\t\t\t\t<div class=\"elementor-widget-container\">\n\t\t\t\t\t\t\t\t\t<p><strong>Der neue Kurs findet ab Februar 2025 statt. <\/strong>Hier hast du die M\u00f6glichkeit dich bereits jetzt schon anzumelden.<strong><br \/><\/strong><\/p><p>Zur \u00dcberbr\u00fcckung k\u00f6nnen wir aktuell PMR im Rahmen einer ergotherapeutischen Verordnung anbieten.<\/p><p>Please do not hesitate to contact us if you have any questions.<\/p>\t\t\t\t\t\t\t\t<\/div>\n\t\t\t\t<\/div>\n\t\t\t\t<\/div>\n\t\t<div class=\"elementor-element elementor-element-11c0791 e-con-full e-flex e-con e-child\" data-id=\"11c0791\" data-element_type=\"container\" data-e-type=\"container\" data-settings=\"{&quot;background_background&quot;:&quot;classic&quot;,&quot;_ha_eqh_enable&quot;:false}\">\n\t\t\t\t<div class=\"elementor-element elementor-element-fb28182 eael-contact-form-7-button-align-left eael-contact-form-7-button-custom elementor-widget elementor-widget-eael-contact-form-7\" data-id=\"fb28182\" data-element_type=\"widget\" data-e-type=\"widget\" data-widget_type=\"eael-contact-form-7.default\">\n\t\t\t\t<div class=\"elementor-widget-container\">\n\t\t\t\t\t<div class=\"eael-contact-form-7-wrapper\">\n                <div class=\"eael-contact-form eael-contact-form-7 eael-contact-form-fb28182 placeholder-show eael-contact-form-align-default\">\n<div class=\"wpcf7 no-js\" id=\"wpcf7-f2603-o1\" lang=\"de-DE\" dir=\"ltr\" data-wpcf7-id=\"2603\">\n<div class=\"screen-reader-response\"><p role=\"status\" aria-live=\"polite\" aria-atomic=\"true\"><\/p> <ul><\/ul><\/div>\n<form action=\"\/en\/wp-json\/wp\/v2\/pages\/1272#wpcf7-f2603-o1\" method=\"post\" class=\"wpcf7-form init\" aria-label=\"Contact form\" novalidate=\"novalidate\" data-status=\"init\" data-trp-original-action=\"\/en\/wp-json\/wp\/v2\/pages\/1272#wpcf7-f2603-o1\">\n<fieldset class=\"hidden-fields-container\"><input type=\"hidden\" name=\"_wpcf7\" value=\"2603\" \/><input type=\"hidden\" name=\"_wpcf7_version\" value=\"6.1.5\" \/><input type=\"hidden\" name=\"_wpcf7_locale\" value=\"de_DE\" \/><input type=\"hidden\" name=\"_wpcf7_unit_tag\" value=\"wpcf7-f2603-o1\" \/><input type=\"hidden\" name=\"_wpcf7_container_post\" value=\"0\" \/><input type=\"hidden\" name=\"_wpcf7_posted_data_hash\" value=\"\" \/>\n<\/fieldset>\n<p><span class=\"wpcf7-form-control-wrap\" data-name=\"name-1\"><input size=\"40\" maxlength=\"400\" class=\"wpcf7-form-control wpcf7-text wpcf7-validates-as-required\" aria-required=\"true\" aria-invalid=\"false\" placeholder=\"First and last name\" value=\"\" type=\"text\" name=\"name-1\" \/><\/span>\n<\/p>\n<p><span class=\"wpcf7-form-control-wrap\" data-name=\"email-1\"><input size=\"40\" maxlength=\"400\" class=\"wpcf7-form-control wpcf7-email wpcf7-validates-as-required wpcf7-text wpcf7-validates-as-email\" aria-required=\"true\" aria-invalid=\"false\" placeholder=\"E-mail address (mandatory field)\" value=\"\" type=\"email\" name=\"email-1\" \/><\/span>\n<\/p>\n<p><span class=\"wpcf7-form-control-wrap\" data-name=\"acceptance-676\"><span class=\"wpcf7-form-control wpcf7-acceptance\"><span class=\"wpcf7-list-item\"><label><input type=\"checkbox\" name=\"acceptance-676\" value=\"1\" aria-invalid=\"false\" \/><span class=\"wpcf7-list-item-label\">Please click the checkbox to agree! <br><br> I agree that my details from the contact form will be collected and processed to answer my request. The data will be deleted after your request has been processed.\n<br><b>Note:<\/b> You can revoke your consent at any time for the future by sending an e-mail to <a href=\"mailto:info@ergo-kaffeetrichter.de\">info@ergo-kaffeetrichter.de<\/a> You can find detailed information on the handling of user data in our <a href=\"https:\/\/ergotherapie-kaffeetrichter.de\/en\/datenschutz\/\" target=\"_blank\">privacy policy<\/a>.<\/span><\/label><\/span><\/span><\/span>\n<\/p>\n<p>Now a little quiz to keep spam away effectively.<br \/>\n<b><span class=\"wpcf7-form-control-wrap\" data-name=\"quiz-847\"><label><span class=\"wpcf7-quiz-label\">Which city is the capital of Thuringia?<\/span> <input size=\"40\" class=\"wpcf7-form-control wpcf7-quiz\" autocomplete=\"off\" aria-required=\"true\" aria-invalid=\"false\" type=\"text\" name=\"quiz-847\" \/><\/label><input type=\"hidden\" name=\"_wpcf7_quiz_answer_quiz-847\" value=\"528f41d3ae4349a6c9324274f480e077\" \/><\/span><\/b>\n<\/p>\n<p><span id=\"wpcf7-69e3683418261-wrapper\" class=\"wpcf7-form-control-wrap potti-wrap\" style=\"display:none !important; visibility:hidden !important;\"><label for=\"potti-12\" class=\"hp-message\">Bitte lasse dieses Feld leer.<\/label><input id=\"potti-12\"  class=\"wpcf7-form-control wpcf7-text\" type=\"text\" name=\"potti\" value=\"\" size=\"40\" tabindex=\"-1\" autocomplete=\"new-password\" \/><\/span><br \/>\n<span id=\"wpcf7-69e36834182a9-wrapper\" class=\"wpcf7-form-control-wrap potti-wrap\" style=\"display:none !important; visibility:hidden !important;\"><label for=\"potti-13\" class=\"hp-message\">Bitte lasse dieses Feld leer.<\/label><input id=\"potti-13\"  class=\"wpcf7-form-control wpcf7-text\" type=\"text\" name=\"potti\" value=\"\" size=\"40\" tabindex=\"-1\" autocomplete=\"new-password\" \/><\/span>\n<\/p>\n<p><input class=\"wpcf7-form-control wpcf7-submit has-spinner\" type=\"submit\" value=\"Send\" \/>\n<\/p><div class=\"wpcf7-response-output\" aria-hidden=\"true\"><\/div>\n<input type=\"hidden\" name=\"trp-form-language\" value=\"en\"\/><\/form>\n<\/div>\n<\/div>\n            <\/div>\t\t\t\t<\/div>\n\t\t\t\t<\/div>\n\t\t\t\t<\/div>\n\t\t\t\t\t<\/div>\n\t\t\t\t<\/div>\n\t\t\t\t<\/div>","protected":false},"excerpt":{"rendered":"<p>PMR Progressive Muskelentspannung nach Jacobson \u201eGelassenheit ist die Kunst, in der gegenw\u00e4rtigen Situation schon den Abstand zu gewinnen, den sonst erst die Zeit schafft.\u201c (Hans-Joachim Eckstein) PMR = Progressive Muskelentspannung PMR wird seit langem im Bereich der Stresskontrolle eingesetzt und wirkt \u00fcber die Wahrnehmung der Muskelentspannung positiv auf Deine Befindlichkeit.W\u00e4hrend des Kurses hast Du die [&hellip;]<\/p>\n","protected":false},"author":1,"featured_media":0,"parent":0,"menu_order":0,"comment_status":"closed","ping_status":"closed","template":"","meta":{"om_disable_all_campaigns":false,"_monsterinsights_skip_tracking":false,"_monsterinsights_sitenote_active":false,"_monsterinsights_sitenote_note":"","_monsterinsights_sitenote_category":0,"site-sidebar-layout":"no-sidebar","site-content-layout":"page-builder","ast-site-content-layout":"default","site-content-style":"default","site-sidebar-style":"default","ast-global-header-display":"","ast-banner-title-visibility":"","ast-main-header-display":"","ast-hfb-above-header-display":"","ast-hfb-below-header-display":"","ast-hfb-mobile-header-display":"","site-post-title":"disabled","ast-breadcrumbs-content":"","ast-featured-img":"disabled","footer-sml-layout":"","ast-disable-related-posts":"","theme-transparent-header-meta":"","adv-header-id-meta":"","stick-header-meta":"","header-above-stick-meta":"","header-main-stick-meta":"","header-below-stick-meta":"","astra-migrate-meta-layouts":"default","ast-page-background-enabled":"default","ast-page-background-meta":{"desktop":{"background-color":"","background-image":"","background-repeat":"repeat","background-position":"center center","background-size":"auto","background-attachment":"scroll","background-type":"","background-media":"","overlay-type":"","overlay-color":"","overlay-opacity":"","overlay-gradient":""},"tablet":{"background-color":"","background-image":"","background-repeat":"repeat","background-position":"center center","background-size":"auto","background-attachment":"scroll","background-type":"","background-media":"","overlay-type":"","overlay-color":"","overlay-opacity":"","overlay-gradient":""},"mobile":{"background-color":"","background-image":"","background-repeat":"repeat","background-position":"center center","background-size":"auto","background-attachment":"scroll","background-type":"","background-media":"","overlay-type":"","overlay-color":"","overlay-opacity":"","overlay-gradient":""}},"ast-content-background-meta":{"desktop":{"background-color":"var(--ast-global-color-5)","background-image":"","background-repeat":"repeat","background-position":"center center","background-size":"auto","background-attachment":"scroll","background-type":"","background-media":"","overlay-type":"","overlay-color":"","overlay-opacity":"","overlay-gradient":""},"tablet":{"background-color":"var(--ast-global-color-5)","background-image":"","background-repeat":"repeat","background-position":"center center","background-size":"auto","background-attachment":"scroll","background-type":"","background-media":"","overlay-type":"","overlay-color":"","overlay-opacity":"","overlay-gradient":""},"mobile":{"background-color":"var(--ast-global-color-5)","background-image":"","background-repeat":"repeat","background-position":"center center","background-size":"auto","background-attachment":"scroll","background-type":"","background-media":"","overlay-type":"","overlay-color":"","overlay-opacity":"","overlay-gradient":""}},"footnotes":""},"class_list":["post-1272","page","type-page","status-publish","hentry"],"aioseo_notices":[],"yoast_head":"<!-- This site is optimized with the Yoast SEO plugin v27.0 - https:\/\/yoast.com\/product\/yoast-seo-wordpress\/ -->\n<title>Pr\u00e4ventionskurs | Ergotherapie am Kaffeetrichter Erfurt<\/title>\n<meta name=\"description\" content=\"Unser Pr\u00e4ventionskurs wird seit langem im Bereich der Stresskontrolle eingesetzt &amp; wirkt positiv \u00fcber die Wahrnehmung der Muskelentspannung.\" \/>\n<meta name=\"robots\" content=\"index, follow, max-snippet:-1, max-image-preview:large, max-video-preview:-1\" \/>\n<link rel=\"canonical\" href=\"https:\/\/ergotherapie-kaffeetrichter.de\/en\/praeventionskurs\/\" \/>\n<meta property=\"og:locale\" content=\"en_GB\" \/>\n<meta property=\"og:type\" content=\"article\" \/>\n<meta property=\"og:title\" content=\"Pr\u00e4ventionskurs | Ergotherapie am Kaffeetrichter Erfurt\" \/>\n<meta property=\"og:description\" content=\"Unser Pr\u00e4ventionskurs wird seit langem im Bereich der Stresskontrolle eingesetzt &amp; wirkt positiv \u00fcber die Wahrnehmung der Muskelentspannung.\" \/>\n<meta property=\"og:url\" content=\"https:\/\/ergotherapie-kaffeetrichter.de\/en\/praeventionskurs\/\" \/>\n<meta property=\"og:site_name\" content=\"Ergotherapie am Kaffeetrichter Erfurt\" \/>\n<meta property=\"article:publisher\" content=\"https:\/\/www.facebook.com\/ergotherapieamkaffeetrichter\" \/>\n<meta property=\"article:modified_time\" content=\"2024-11-29T09:57:52+00:00\" \/>\n<meta property=\"og:image\" content=\"https:\/\/ergotherapie-kaffeetrichter.de\/wp-content\/uploads\/2022\/06\/Logo-freigestellt.png\" \/>\n\t<meta property=\"og:image:width\" content=\"1002\" \/>\n\t<meta property=\"og:image:height\" content=\"626\" \/>\n\t<meta property=\"og:image:type\" content=\"image\/png\" \/>\n<meta name=\"twitter:card\" content=\"summary_large_image\" \/>\n<meta name=\"twitter:label1\" content=\"Estimated reading time\" \/>\n\t<meta name=\"twitter:data1\" content=\"2 minutes\" \/>\n<script type=\"application\/ld+json\" class=\"yoast-schema-graph\">{\"@context\":\"https:\/\/schema.org\",\"@graph\":[{\"@type\":\"WebPage\",\"@id\":\"https:\/\/ergotherapie-kaffeetrichter.de\/praeventionskurs\/\",\"url\":\"https:\/\/ergotherapie-kaffeetrichter.de\/praeventionskurs\/\",\"name\":\"Pr\u00e4ventionskurs | Ergotherapie am Kaffeetrichter Erfurt\",\"isPartOf\":{\"@id\":\"https:\/\/ergotherapie-kaffeetrichter.de\/#website\"},\"datePublished\":\"2022-07-14T11:48:29+00:00\",\"dateModified\":\"2024-11-29T09:57:52+00:00\",\"description\":\"Unser Pr\u00e4ventionskurs wird seit langem im Bereich der Stresskontrolle eingesetzt & wirkt positiv \u00fcber die Wahrnehmung der Muskelentspannung.\",\"breadcrumb\":{\"@id\":\"https:\/\/ergotherapie-kaffeetrichter.de\/praeventionskurs\/#breadcrumb\"},\"inLanguage\":\"en-GB\",\"potentialAction\":[{\"@type\":\"ReadAction\",\"target\":[\"https:\/\/ergotherapie-kaffeetrichter.de\/praeventionskurs\/\"]}]},{\"@type\":\"BreadcrumbList\",\"@id\":\"https:\/\/ergotherapie-kaffeetrichter.de\/praeventionskurs\/#breadcrumb\",\"itemListElement\":[{\"@type\":\"ListItem\",\"position\":1,\"name\":\"Startseite\",\"item\":\"https:\/\/ergotherapie-kaffeetrichter.de\/\"},{\"@type\":\"ListItem\",\"position\":2,\"name\":\"Pr\u00e4ventionskurs\"}]},{\"@type\":\"WebSite\",\"@id\":\"https:\/\/ergotherapie-kaffeetrichter.de\/#website\",\"url\":\"https:\/\/ergotherapie-kaffeetrichter.de\/\",\"name\":\"Ergotherapie am Kaffeetrichter Erfurt\",\"description\":\"Ergotherapie am Kaffeetrichter Erfurt\",\"publisher\":{\"@id\":\"https:\/\/ergotherapie-kaffeetrichter.de\/#organization\"},\"potentialAction\":[{\"@type\":\"SearchAction\",\"target\":{\"@type\":\"EntryPoint\",\"urlTemplate\":\"https:\/\/ergotherapie-kaffeetrichter.de\/?s={search_term_string}\"},\"query-input\":{\"@type\":\"PropertyValueSpecification\",\"valueRequired\":true,\"valueName\":\"search_term_string\"}}],\"inLanguage\":\"en-GB\"},{\"@type\":\"Organization\",\"@id\":\"https:\/\/ergotherapie-kaffeetrichter.de\/#organization\",\"name\":\"Ergotherapie am Kaffeetrichter Erfurt\",\"url\":\"https:\/\/ergotherapie-kaffeetrichter.de\/\",\"logo\":{\"@type\":\"ImageObject\",\"inLanguage\":\"en-GB\",\"@id\":\"https:\/\/ergotherapie-kaffeetrichter.de\/#\/schema\/logo\/image\/\",\"url\":\"https:\/\/ergotherapie-kaffeetrichter.de\/wp-content\/uploads\/2022\/06\/Logo-freigestellt.png\",\"contentUrl\":\"https:\/\/ergotherapie-kaffeetrichter.de\/wp-content\/uploads\/2022\/06\/Logo-freigestellt.png\",\"width\":1002,\"height\":626,\"caption\":\"Ergotherapie am Kaffeetrichter Erfurt\"},\"image\":{\"@id\":\"https:\/\/ergotherapie-kaffeetrichter.de\/#\/schema\/logo\/image\/\"},\"sameAs\":[\"https:\/\/www.facebook.com\/ergotherapieamkaffeetrichter\"]}]}<\/script>\n<!-- \/ Yoast SEO plugin. -->","yoast_head_json":{"title":"Pr\u00e4ventionskurs | Ergotherapie am Kaffeetrichter Erfurt","description":"Unser Pr\u00e4ventionskurs wird seit langem im Bereich der Stresskontrolle eingesetzt & wirkt positiv \u00fcber die Wahrnehmung der Muskelentspannung.","robots":{"index":"index","follow":"follow","max-snippet":"max-snippet:-1","max-image-preview":"max-image-preview:large","max-video-preview":"max-video-preview:-1"},"canonical":"https:\/\/ergotherapie-kaffeetrichter.de\/en\/praeventionskurs\/","og_locale":"en_GB","og_type":"article","og_title":"Pr\u00e4ventionskurs | Ergotherapie am Kaffeetrichter Erfurt","og_description":"Unser Pr\u00e4ventionskurs wird seit langem im Bereich der Stresskontrolle eingesetzt & wirkt positiv \u00fcber die Wahrnehmung der Muskelentspannung.","og_url":"https:\/\/ergotherapie-kaffeetrichter.de\/en\/praeventionskurs\/","og_site_name":"Ergotherapie am Kaffeetrichter Erfurt","article_publisher":"https:\/\/www.facebook.com\/ergotherapieamkaffeetrichter","article_modified_time":"2024-11-29T09:57:52+00:00","og_image":[{"width":1002,"height":626,"url":"https:\/\/ergotherapie-kaffeetrichter.de\/wp-content\/uploads\/2022\/06\/Logo-freigestellt.png","type":"image\/png"}],"twitter_card":"summary_large_image","twitter_misc":{"Estimated reading time":"2 minutes"},"schema":{"@context":"https:\/\/schema.org","@graph":[{"@type":"WebPage","@id":"https:\/\/ergotherapie-kaffeetrichter.de\/praeventionskurs\/","url":"https:\/\/ergotherapie-kaffeetrichter.de\/praeventionskurs\/","name":"Pr\u00e4ventionskurs | Ergotherapie am Kaffeetrichter Erfurt","isPartOf":{"@id":"https:\/\/ergotherapie-kaffeetrichter.de\/#website"},"datePublished":"2022-07-14T11:48:29+00:00","dateModified":"2024-11-29T09:57:52+00:00","description":"Unser Pr\u00e4ventionskurs wird seit langem im Bereich der Stresskontrolle eingesetzt & wirkt positiv \u00fcber die Wahrnehmung der Muskelentspannung.","breadcrumb":{"@id":"https:\/\/ergotherapie-kaffeetrichter.de\/praeventionskurs\/#breadcrumb"},"inLanguage":"en-GB","potentialAction":[{"@type":"ReadAction","target":["https:\/\/ergotherapie-kaffeetrichter.de\/praeventionskurs\/"]}]},{"@type":"BreadcrumbList","@id":"https:\/\/ergotherapie-kaffeetrichter.de\/praeventionskurs\/#breadcrumb","itemListElement":[{"@type":"ListItem","position":1,"name":"Startseite","item":"https:\/\/ergotherapie-kaffeetrichter.de\/"},{"@type":"ListItem","position":2,"name":"Pr\u00e4ventionskurs"}]},{"@type":"WebSite","@id":"https:\/\/ergotherapie-kaffeetrichter.de\/#website","url":"https:\/\/ergotherapie-kaffeetrichter.de\/","name":"Occupational therapy at Kaffeetrichter Erfurt","description":"Occupational therapy at Kaffeetrichter Erfurt","publisher":{"@id":"https:\/\/ergotherapie-kaffeetrichter.de\/#organization"},"potentialAction":[{"@type":"SearchAction","target":{"@type":"EntryPoint","urlTemplate":"https:\/\/ergotherapie-kaffeetrichter.de\/?s={search_term_string}"},"query-input":{"@type":"PropertyValueSpecification","valueRequired":true,"valueName":"search_term_string"}}],"inLanguage":"en-GB"},{"@type":"Organization","@id":"https:\/\/ergotherapie-kaffeetrichter.de\/#organization","name":"Occupational therapy at Kaffeetrichter Erfurt","url":"https:\/\/ergotherapie-kaffeetrichter.de\/","logo":{"@type":"ImageObject","inLanguage":"en-GB","@id":"https:\/\/ergotherapie-kaffeetrichter.de\/#\/schema\/logo\/image\/","url":"https:\/\/ergotherapie-kaffeetrichter.de\/wp-content\/uploads\/2022\/06\/Logo-freigestellt.png","contentUrl":"https:\/\/ergotherapie-kaffeetrichter.de\/wp-content\/uploads\/2022\/06\/Logo-freigestellt.png","width":1002,"height":626,"caption":"Ergotherapie am Kaffeetrichter Erfurt"},"image":{"@id":"https:\/\/ergotherapie-kaffeetrichter.de\/#\/schema\/logo\/image\/"},"sameAs":["https:\/\/www.facebook.com\/ergotherapieamkaffeetrichter"]}]}},"_links":{"self":[{"href":"https:\/\/ergotherapie-kaffeetrichter.de\/en\/wp-json\/wp\/v2\/pages\/1272","targetHints":{"allow":["GET"]}}],"collection":[{"href":"https:\/\/ergotherapie-kaffeetrichter.de\/en\/wp-json\/wp\/v2\/pages"}],"about":[{"href":"https:\/\/ergotherapie-kaffeetrichter.de\/en\/wp-json\/wp\/v2\/types\/page"}],"author":[{"embeddable":true,"href":"https:\/\/ergotherapie-kaffeetrichter.de\/en\/wp-json\/wp\/v2\/users\/1"}],"replies":[{"embeddable":true,"href":"https:\/\/ergotherapie-kaffeetrichter.de\/en\/wp-json\/wp\/v2\/comments?post=1272"}],"version-history":[{"count":24,"href":"https:\/\/ergotherapie-kaffeetrichter.de\/en\/wp-json\/wp\/v2\/pages\/1272\/revisions"}],"predecessor-version":[{"id":2629,"href":"https:\/\/ergotherapie-kaffeetrichter.de\/en\/wp-json\/wp\/v2\/pages\/1272\/revisions\/2629"}],"wp:attachment":[{"href":"https:\/\/ergotherapie-kaffeetrichter.de\/en\/wp-json\/wp\/v2\/media?parent=1272"}],"curies":[{"name":"wp","href":"https:\/\/api.w.org\/{rel}","templated":true}]}}