{"id":1146,"date":"2022-07-13T10:02:40","date_gmt":"2022-07-13T10:02:40","guid":{"rendered":"http:\/\/s909526602.online.de\/?page_id=1146"},"modified":"2025-07-25T08:59:20","modified_gmt":"2025-07-25T08:59:20","slug":"impressum","status":"publish","type":"page","link":"https:\/\/ergotherapie-kaffeetrichter.de\/en\/impressum\/","title":{"rendered":"Imprint"},"content":{"rendered":"\t\t<div data-elementor-type=\"wp-post\" data-elementor-id=\"1146\" class=\"elementor elementor-1146\" data-elementor-settings=\"{&quot;ha_cmc_init_switcher&quot;:&quot;no&quot;}\">\n\t\t\t\t\t\t<section class=\"elementor-section elementor-top-section elementor-element elementor-element-f46d3e0 elementor-section-height-min-height elementor-section-boxed elementor-section-height-default elementor-section-items-middle\" data-id=\"f46d3e0\" data-element_type=\"section\" data-e-type=\"section\" data-settings=\"{&quot;background_background&quot;:&quot;classic&quot;,&quot;_ha_eqh_enable&quot;:false}\">\n\t\t\t\t\t\t\t<div class=\"elementor-background-overlay\"><\/div>\n\t\t\t\t\t\t\t<div class=\"elementor-container elementor-column-gap-default\">\n\t\t\t\t\t<div class=\"elementor-column elementor-col-100 elementor-top-column elementor-element elementor-element-b8866d3\" data-id=\"b8866d3\" data-element_type=\"column\" data-e-type=\"column\">\n\t\t\t<div class=\"elementor-widget-wrap elementor-element-populated\">\n\t\t\t\t\t\t<div class=\"elementor-element elementor-element-d0115ca elementor-widget elementor-widget-heading\" data-id=\"d0115ca\" data-element_type=\"widget\" data-e-type=\"widget\" data-widget_type=\"heading.default\">\n\t\t\t\t<div class=\"elementor-widget-container\">\n\t\t\t\t\t<h1 class=\"elementor-heading-title elementor-size-default\">Impressum<\/h1>\t\t\t\t<\/div>\n\t\t\t\t<\/div>\n\t\t\t\t\t<\/div>\n\t\t<\/div>\n\t\t\t\t\t<\/div>\n\t\t<\/section>\n\t\t\t\t<section class=\"elementor-section elementor-top-section elementor-element elementor-element-efd9b5b elementor-section-boxed elementor-section-height-default elementor-section-height-default\" data-id=\"efd9b5b\" data-element_type=\"section\" data-e-type=\"section\" data-settings=\"{&quot;_ha_eqh_enable&quot;:false}\">\n\t\t\t\t\t\t<div class=\"elementor-container elementor-column-gap-default\">\n\t\t\t\t\t<div class=\"elementor-column elementor-col-100 elementor-top-column elementor-element elementor-element-4bb152a\" data-id=\"4bb152a\" data-element_type=\"column\" data-e-type=\"column\">\n\t\t\t<div class=\"elementor-widget-wrap elementor-element-populated\">\n\t\t\t\t\t\t<div class=\"elementor-element elementor-element-a2e8a0d elementor-widget elementor-widget-text-editor\" data-id=\"a2e8a0d\" data-element_type=\"widget\" data-e-type=\"widget\" data-widget_type=\"text-editor.default\">\n\t\t\t\t<div class=\"elementor-widget-container\">\n\t\t\t\t\t\t\t\t\t<p>Ergotherapie M&amp;P UG (haftungsbeschr\u00e4nkt)<br \/>Schillerstra\u00dfe 25<br \/>99096 Erfurt<\/p>\t\t\t\t\t\t\t\t<\/div>\n\t\t\t\t<\/div>\n\t\t\t\t<div class=\"elementor-element elementor-element-444dd6f elementor-widget elementor-widget-text-editor\" data-id=\"444dd6f\" data-element_type=\"widget\" data-e-type=\"widget\" data-widget_type=\"text-editor.default\">\n\t\t\t\t<div class=\"elementor-widget-container\">\n\t\t\t\t\t\t\t\t\t<p><strong>Vertreten durch:<\/strong><br \/>Gesch\u00e4ftsf\u00fchrer: Christiane M\u00fcnster, Dr. Ulrike Pech<\/p>\t\t\t\t\t\t\t\t<\/div>\n\t\t\t\t<\/div>\n\t\t\t\t<div class=\"elementor-element elementor-element-1e3d5e0 elementor-widget elementor-widget-heading\" data-id=\"1e3d5e0\" data-element_type=\"widget\" data-e-type=\"widget\" data-widget_type=\"heading.default\">\n\t\t\t\t<div class=\"elementor-widget-container\">\n\t\t\t\t\t<h2 class=\"elementor-heading-title elementor-size-default\">Kontakt<\/h2>\t\t\t\t<\/div>\n\t\t\t\t<\/div>\n\t\t\t\t<div class=\"elementor-element elementor-element-4823a3b elementor-widget elementor-widget-text-editor\" data-id=\"4823a3b\" data-element_type=\"widget\" data-e-type=\"widget\" data-widget_type=\"text-editor.default\">\n\t\t\t\t<div class=\"elementor-widget-container\">\n\t\t\t\t\t\t\t\t\t<p>Telefon: +49 (0) 361 \/ 74 73 36 90<br \/>Telefax: +49 (0) 361 \/ 74 73 36 91<br \/>E-Mail: info [at] ergo-kaffeetrichter.de<\/p>\t\t\t\t\t\t\t\t<\/div>\n\t\t\t\t<\/div>\n\t\t\t\t<div class=\"elementor-element elementor-element-6ad23f5 elementor-widget elementor-widget-heading\" data-id=\"6ad23f5\" data-element_type=\"widget\" data-e-type=\"widget\" data-widget_type=\"heading.default\">\n\t\t\t\t<div class=\"elementor-widget-container\">\n\t\t\t\t\t<h2 class=\"elementor-heading-title elementor-size-default\">Steuer-Nummer<\/h2>\t\t\t\t<\/div>\n\t\t\t\t<\/div>\n\t\t\t\t<div class=\"elementor-element elementor-element-b4aa01b elementor-widget elementor-widget-text-editor\" data-id=\"b4aa01b\" data-element_type=\"widget\" data-e-type=\"widget\" data-widget_type=\"text-editor.default\">\n\t\t\t\t<div class=\"elementor-widget-container\">\n\t\t\t\t\t\t\t\t\t<p>162\/108\/04297<\/p><p>Amtsgericht Jena<br \/>HRB 50 53 88<\/p>\t\t\t\t\t\t\t\t<\/div>\n\t\t\t\t<\/div>\n\t\t\t\t<div class=\"elementor-element elementor-element-8fdb510 elementor-widget elementor-widget-heading\" data-id=\"8fdb510\" data-element_type=\"widget\" data-e-type=\"widget\" data-widget_type=\"heading.default\">\n\t\t\t\t<div class=\"elementor-widget-container\">\n\t\t\t\t\t<h2 class=\"elementor-heading-title elementor-size-default\">Redaktionell verantwortlich<\/h2>\t\t\t\t<\/div>\n\t\t\t\t<\/div>\n\t\t\t\t<div class=\"elementor-element elementor-element-c663e89 elementor-widget elementor-widget-text-editor\" data-id=\"c663e89\" data-element_type=\"widget\" data-e-type=\"widget\" data-widget_type=\"text-editor.default\">\n\t\t\t\t<div class=\"elementor-widget-container\">\n\t\t\t\t\t\t\t\t\t<p>Gesch\u00e4ftsf\u00fchrer: Christiane M\u00fcnster, Dr. Ulrike Pech<br \/>Ergotherapie M&amp;P UG (haftungsbeschr\u00e4nkt)<br \/>Schillerstra\u00dfe 25<br \/>99096 Erfurt<\/p>\t\t\t\t\t\t\t\t<\/div>\n\t\t\t\t<\/div>\n\t\t\t\t<div class=\"elementor-element elementor-element-675d767 elementor-widget elementor-widget-heading\" data-id=\"675d767\" data-element_type=\"widget\" data-e-type=\"widget\" data-widget_type=\"heading.default\">\n\t\t\t\t<div class=\"elementor-widget-container\">\n\t\t\t\t\t<h2 class=\"elementor-heading-title elementor-size-default\">Webdesign<\/h2>\t\t\t\t<\/div>\n\t\t\t\t<\/div>\n\t\t\t\t<div class=\"elementor-element elementor-element-5949a45 elementor-widget elementor-widget-text-editor\" data-id=\"5949a45\" data-element_type=\"widget\" data-e-type=\"widget\" data-widget_type=\"text-editor.default\">\n\t\t\t\t<div class=\"elementor-widget-container\">\n\t\t\t\t\t\t\t\t\t<p>Build with \u2665\ufe0f by <a href=\"https:\/\/www.stefanie-braun.com\" target=\"_blank\" rel=\"noopener\">Stefanie Braun Webdesign<\/a><\/p>\t\t\t\t\t\t\t\t<\/div>\n\t\t\t\t<\/div>\n\t\t\t\t<div class=\"elementor-element elementor-element-47b577b elementor-widget elementor-widget-heading\" data-id=\"47b577b\" data-element_type=\"widget\" data-e-type=\"widget\" data-widget_type=\"heading.default\">\n\t\t\t\t<div class=\"elementor-widget-container\">\n\t\t\t\t\t<h2 class=\"elementor-heading-title elementor-size-default\">Haftung f\u00fcr Inhalte<\/h2>\t\t\t\t<\/div>\n\t\t\t\t<\/div>\n\t\t\t\t<div class=\"elementor-element elementor-element-d2261ac elementor-widget elementor-widget-text-editor\" data-id=\"d2261ac\" data-element_type=\"widget\" data-e-type=\"widget\" data-widget_type=\"text-editor.default\">\n\t\t\t\t<div class=\"elementor-widget-container\">\n\t\t\t\t\t\t\t\t\t<p>Als Diensteanbieter sind wir gem\u00e4\u00df \u00a7 7 Abs.1 TMG f\u00fcr eigene Inhalte auf diesen Seiten nach den allgemeinen Gesetzen verantwortlich. Nach \u00a7\u00a7 8 bis 10 TMG sind wir als Diensteanbieter jedoch nicht verpflichtet, \u00fcbermittelte oder gespeicherte fremde Informationen zu \u00fcberwachen oder nach Umst\u00e4nden zu forschen, die auf eine rechtswidrige T\u00e4tigkeit hinweisen.<\/p><p>Verpflichtungen zur Entfernung oder Sperrung der Nutzung von Informationen nach den allgemeinen Gesetzen bleiben hiervon unber\u00fchrt. Eine diesbez\u00fcgliche Haftung ist jedoch erst ab dem Zeitpunkt der Kenntnis einer konkreten Rechtsverletzung m\u00f6glich. Bei Bekanntwerden von entsprechenden Rechtsverletzungen werden wir diese Inhalte umgehend entfernen.<\/p>\t\t\t\t\t\t\t\t<\/div>\n\t\t\t\t<\/div>\n\t\t\t\t<div class=\"elementor-element elementor-element-972f568 elementor-widget elementor-widget-heading\" data-id=\"972f568\" data-element_type=\"widget\" data-e-type=\"widget\" data-widget_type=\"heading.default\">\n\t\t\t\t<div class=\"elementor-widget-container\">\n\t\t\t\t\t<h2 class=\"elementor-heading-title elementor-size-default\">Haftung f\u00fcr Links<\/h2>\t\t\t\t<\/div>\n\t\t\t\t<\/div>\n\t\t\t\t<div class=\"elementor-element elementor-element-a342882 elementor-widget elementor-widget-text-editor\" data-id=\"a342882\" data-element_type=\"widget\" data-e-type=\"widget\" data-widget_type=\"text-editor.default\">\n\t\t\t\t<div class=\"elementor-widget-container\">\n\t\t\t\t\t\t\t\t\t<p>Unser Angebot enth\u00e4lt Links zu externen Websites Dritter, auf deren Inhalte wir keinen Einfluss haben. Deshalb k\u00f6nnen wir f\u00fcr diese fremden Inhalte auch keine Gew\u00e4hr \u00fcbernehmen. F\u00fcr die Inhalte der verlinkten Seiten ist stets der jeweilige Anbieter oder Betreiber der Seiten verantwortlich. Die verlinkten Seiten wurden zum Zeitpunkt der Verlinkung auf m\u00f6gliche Rechtsverst\u00f6\u00dfe \u00fcberpr\u00fcft. Rechtswidrige Inhalte waren zum Zeitpunkt der Verlinkung nicht erkennbar.<\/p><p>Eine permanente inhaltliche Kontrolle der verlinkten Seiten ist jedoch ohne konkrete Anhaltspunkte einer Rechtsverletzung nicht zumutbar. Bei Bekanntwerden von Rechtsverletzungen werden wir derartige Links umgehend entfernen.<\/p>\t\t\t\t\t\t\t\t<\/div>\n\t\t\t\t<\/div>\n\t\t\t\t<div class=\"elementor-element elementor-element-8189de6 elementor-widget elementor-widget-heading\" data-id=\"8189de6\" data-element_type=\"widget\" data-e-type=\"widget\" data-widget_type=\"heading.default\">\n\t\t\t\t<div class=\"elementor-widget-container\">\n\t\t\t\t\t<h2 class=\"elementor-heading-title elementor-size-default\">Urheberrecht<\/h2>\t\t\t\t<\/div>\n\t\t\t\t<\/div>\n\t\t\t\t<div class=\"elementor-element elementor-element-7bf7d11 elementor-widget elementor-widget-text-editor\" data-id=\"7bf7d11\" data-element_type=\"widget\" data-e-type=\"widget\" data-widget_type=\"text-editor.default\">\n\t\t\t\t<div class=\"elementor-widget-container\">\n\t\t\t\t\t\t\t\t\t<p>Die durch die Seitenbetreiber erstellten Inhalte und Werke auf diesen Seiten unterliegen dem deutschen Urheberrecht. Die Vervielf\u00e4ltigung, Bearbeitung, Verbreitung und jede Art der Verwertung au\u00dferhalb der Grenzen des Urheberrechtes bed\u00fcrfen der schriftlichen Zustimmung des jeweiligen Autors bzw. Erstellers. Downloads und Kopien dieser Seite sind nur f\u00fcr den privaten, nicht kommerziellen Gebrauch gestattet.<\/p><p>Soweit die Inhalte auf dieser Seite nicht vom Betreiber erstellt wurden, werden die Urheberrechte Dritter beachtet. Insbesondere werden Inhalte Dritter als solche gekennzeichnet. Sollten Sie trotzdem auf eine Urheberrechtsverletzung aufmerksam werden, bitten wir um einen entsprechenden Hinweis. Bei Bekanntwerden von Rechtsverletzungen werden wir derartige Inhalte umgehend entfernen.<\/p>\t\t\t\t\t\t\t\t<\/div>\n\t\t\t\t<\/div>\n\t\t\t\t<div class=\"elementor-element elementor-element-6181df7 elementor-widget elementor-widget-heading\" data-id=\"6181df7\" data-element_type=\"widget\" data-e-type=\"widget\" data-widget_type=\"heading.default\">\n\t\t\t\t<div class=\"elementor-widget-container\">\n\t\t\t\t\t<h3 class=\"elementor-heading-title elementor-size-default\">Urheberrechtshinweise<\/h3>\t\t\t\t<\/div>\n\t\t\t\t<\/div>\n\t\t\t\t<div class=\"elementor-element elementor-element-0b33996 elementor-widget elementor-widget-text-editor\" data-id=\"0b33996\" data-element_type=\"widget\" data-e-type=\"widget\" data-widget_type=\"text-editor.default\">\n\t\t\t\t<div class=\"elementor-widget-container\">\n\t\t\t\t\t\t\t\t\t<p>Information zu den Urheberrechten finden Sie auf der Seite <a href=\"https:\/\/ergotherapie-kaffeetrichter.de\/urheberrechtshinweise\/\">Urheberrechtshinweise<\/a>.<\/p>\t\t\t\t\t\t\t\t<\/div>\n\t\t\t\t<\/div>\n\t\t\t\t<div class=\"elementor-element elementor-element-ba2b4ae elementor-widget elementor-widget-text-editor\" data-id=\"ba2b4ae\" data-element_type=\"widget\" data-e-type=\"widget\" data-widget_type=\"text-editor.default\">\n\t\t\t\t<div class=\"elementor-widget-container\">\n\t\t\t\t\t\t\t\t\t<p>Quelle: <a href=\"https:\/\/www.e-recht24.de\" target=\"_blank\" rel=\"noopener\">eRecht24<\/a><\/p>\t\t\t\t\t\t\t\t<\/div>\n\t\t\t\t<\/div>\n\t\t\t\t\t<\/div>\n\t\t<\/div>\n\t\t\t\t\t<\/div>\n\t\t<\/section>\n\t\t\t\t<\/div>\n\t\t","protected":false},"excerpt":{"rendered":"<p>Impressum Ergotherapie M&amp;P UG (haftungsbeschr\u00e4nkt)Schillerstra\u00dfe 2599096 Erfurt Vertreten durch:Gesch\u00e4ftsf\u00fchrer: Christiane M\u00fcnster, Dr. Ulrike Pech Kontakt Telefon: +49 (0) 361 \/ 74 73 36 90Telefax: +49 (0) 361 \/ 74 73 36 91E-Mail: info [at] ergo-kaffeetrichter.de Steuer-Nummer 162\/108\/04297 Amtsgericht JenaHRB 50 53 88 Redaktionell verantwortlich Gesch\u00e4ftsf\u00fchrer: Christiane M\u00fcnster, Dr. Ulrike PechErgotherapie M&amp;P UG (haftungsbeschr\u00e4nkt)Schillerstra\u00dfe 2599096 Erfurt [&hellip;]<\/p>\n","protected":false},"author":1,"featured_media":0,"parent":0,"menu_order":0,"comment_status":"closed","ping_status":"closed","template":"","meta":{"om_disable_all_campaigns":false,"_monsterinsights_skip_tracking":false,"_monsterinsights_sitenote_active":false,"_monsterinsights_sitenote_note":"","_monsterinsights_sitenote_category":0,"site-sidebar-layout":"no-sidebar","site-content-layout":"page-builder","ast-site-content-layout":"default","site-content-style":"default","site-sidebar-style":"default","ast-global-header-display":"","ast-banner-title-visibility":"","ast-main-header-display":"","ast-hfb-above-header-display":"","ast-hfb-below-header-display":"","ast-hfb-mobile-header-display":"","site-post-title":"disabled","ast-breadcrumbs-content":"","ast-featured-img":"disabled","footer-sml-layout":"","ast-disable-related-posts":"","theme-transparent-header-meta":"","adv-header-id-meta":"","stick-header-meta":"","header-above-stick-meta":"","header-main-stick-meta":"","header-below-stick-meta":"","astra-migrate-meta-layouts":"default","ast-page-background-enabled":"default","ast-page-background-meta":{"desktop":{"background-color":"","background-image":"","background-repeat":"repeat","background-position":"center center","background-size":"auto","background-attachment":"scroll","background-type":"","background-media":"","overlay-type":"","overlay-color":"","overlay-opacity":"","overlay-gradient":""},"tablet":{"background-color":"","background-image":"","background-repeat":"repeat","background-position":"center center","background-size":"auto","background-attachment":"scroll","background-type":"","background-media":"","overlay-type":"","overlay-color":"","overlay-opacity":"","overlay-gradient":""},"mobile":{"background-color":"","background-image":"","background-repeat":"repeat","background-position":"center center","background-size":"auto","background-attachment":"scroll","background-type":"","background-media":"","overlay-type":"","overlay-color":"","overlay-opacity":"","overlay-gradient":""}},"ast-content-background-meta":{"desktop":{"background-color":"var(--ast-global-color-5)","background-image":"","background-repeat":"repeat","background-position":"center center","background-size":"auto","background-attachment":"scroll","background-type":"","background-media":"","overlay-type":"","overlay-color":"","overlay-opacity":"","overlay-gradient":""},"tablet":{"background-color":"var(--ast-global-color-5)","background-image":"","background-repeat":"repeat","background-position":"center center","background-size":"auto","background-attachment":"scroll","background-type":"","background-media":"","overlay-type":"","overlay-color":"","overlay-opacity":"","overlay-gradient":""},"mobile":{"background-color":"var(--ast-global-color-5)","background-image":"","background-repeat":"repeat","background-position":"center center","background-size":"auto","background-attachment":"scroll","background-type":"","background-media":"","overlay-type":"","overlay-color":"","overlay-opacity":"","overlay-gradient":""}},"footnotes":""},"class_list":["post-1146","page","type-page","status-publish","hentry"],"aioseo_notices":[],"yoast_head":"<!-- This site is optimized with the Yoast SEO plugin v27.0 - https:\/\/yoast.com\/product\/yoast-seo-wordpress\/ -->\n<title>Impressum | Ergotherapie am Kaffeetrichter Erfurt<\/title>\n<meta name=\"description\" content=\"Hier erh\u00e4ltst du einen \u00dcberblick \u00fcber die Ergotherapie am Kaffeetrichter in Erfurt. &gt;&gt; Erfahre hier mehr und nimm Kontakt zu uns auf.\" \/>\n<meta name=\"robots\" content=\"index, follow, max-snippet:-1, max-image-preview:large, max-video-preview:-1\" \/>\n<link rel=\"canonical\" href=\"https:\/\/ergotherapie-kaffeetrichter.de\/en\/impressum\/\" \/>\n<meta property=\"og:locale\" content=\"en_GB\" \/>\n<meta property=\"og:type\" content=\"article\" \/>\n<meta property=\"og:title\" content=\"Impressum | Ergotherapie am Kaffeetrichter Erfurt\" \/>\n<meta property=\"og:description\" content=\"Hier erh\u00e4ltst du einen \u00dcberblick \u00fcber die Ergotherapie am Kaffeetrichter in Erfurt. &gt;&gt; Erfahre hier mehr und nimm Kontakt zu uns auf.\" \/>\n<meta property=\"og:url\" content=\"https:\/\/ergotherapie-kaffeetrichter.de\/en\/impressum\/\" \/>\n<meta property=\"og:site_name\" content=\"Ergotherapie am Kaffeetrichter Erfurt\" \/>\n<meta property=\"article:publisher\" content=\"https:\/\/www.facebook.com\/ergotherapieamkaffeetrichter\" \/>\n<meta property=\"article:modified_time\" content=\"2025-07-25T08:59:20+00:00\" \/>\n<meta property=\"og:image\" content=\"https:\/\/ergotherapie-kaffeetrichter.de\/wp-content\/uploads\/2022\/06\/Logo-freigestellt.png\" \/>\n\t<meta property=\"og:image:width\" content=\"1002\" \/>\n\t<meta property=\"og:image:height\" content=\"626\" \/>\n\t<meta property=\"og:image:type\" content=\"image\/png\" \/>\n<meta name=\"twitter:card\" content=\"summary_large_image\" \/>\n<meta name=\"twitter:label1\" content=\"Estimated reading time\" \/>\n\t<meta name=\"twitter:data1\" content=\"3 minutes\" \/>\n<script type=\"application\/ld+json\" class=\"yoast-schema-graph\">{\"@context\":\"https:\/\/schema.org\",\"@graph\":[{\"@type\":\"WebPage\",\"@id\":\"https:\/\/ergotherapie-kaffeetrichter.de\/impressum\/\",\"url\":\"https:\/\/ergotherapie-kaffeetrichter.de\/impressum\/\",\"name\":\"Impressum | Ergotherapie am Kaffeetrichter Erfurt\",\"isPartOf\":{\"@id\":\"https:\/\/ergotherapie-kaffeetrichter.de\/#website\"},\"datePublished\":\"2022-07-13T10:02:40+00:00\",\"dateModified\":\"2025-07-25T08:59:20+00:00\",\"description\":\"Hier erh\u00e4ltst du einen \u00dcberblick \u00fcber die Ergotherapie am Kaffeetrichter in Erfurt. >> Erfahre hier mehr und nimm Kontakt zu uns auf.\",\"breadcrumb\":{\"@id\":\"https:\/\/ergotherapie-kaffeetrichter.de\/impressum\/#breadcrumb\"},\"inLanguage\":\"en-GB\",\"potentialAction\":[{\"@type\":\"ReadAction\",\"target\":[\"https:\/\/ergotherapie-kaffeetrichter.de\/impressum\/\"]}]},{\"@type\":\"BreadcrumbList\",\"@id\":\"https:\/\/ergotherapie-kaffeetrichter.de\/impressum\/#breadcrumb\",\"itemListElement\":[{\"@type\":\"ListItem\",\"position\":1,\"name\":\"Startseite\",\"item\":\"https:\/\/ergotherapie-kaffeetrichter.de\/\"},{\"@type\":\"ListItem\",\"position\":2,\"name\":\"Impressum\"}]},{\"@type\":\"WebSite\",\"@id\":\"https:\/\/ergotherapie-kaffeetrichter.de\/#website\",\"url\":\"https:\/\/ergotherapie-kaffeetrichter.de\/\",\"name\":\"Ergotherapie am Kaffeetrichter Erfurt\",\"description\":\"Ergotherapie am Kaffeetrichter Erfurt\",\"publisher\":{\"@id\":\"https:\/\/ergotherapie-kaffeetrichter.de\/#organization\"},\"potentialAction\":[{\"@type\":\"SearchAction\",\"target\":{\"@type\":\"EntryPoint\",\"urlTemplate\":\"https:\/\/ergotherapie-kaffeetrichter.de\/?s={search_term_string}\"},\"query-input\":{\"@type\":\"PropertyValueSpecification\",\"valueRequired\":true,\"valueName\":\"search_term_string\"}}],\"inLanguage\":\"en-GB\"},{\"@type\":\"Organization\",\"@id\":\"https:\/\/ergotherapie-kaffeetrichter.de\/#organization\",\"name\":\"Ergotherapie am Kaffeetrichter Erfurt\",\"url\":\"https:\/\/ergotherapie-kaffeetrichter.de\/\",\"logo\":{\"@type\":\"ImageObject\",\"inLanguage\":\"en-GB\",\"@id\":\"https:\/\/ergotherapie-kaffeetrichter.de\/#\/schema\/logo\/image\/\",\"url\":\"https:\/\/ergotherapie-kaffeetrichter.de\/wp-content\/uploads\/2022\/06\/Logo-freigestellt.png\",\"contentUrl\":\"https:\/\/ergotherapie-kaffeetrichter.de\/wp-content\/uploads\/2022\/06\/Logo-freigestellt.png\",\"width\":1002,\"height\":626,\"caption\":\"Ergotherapie am Kaffeetrichter Erfurt\"},\"image\":{\"@id\":\"https:\/\/ergotherapie-kaffeetrichter.de\/#\/schema\/logo\/image\/\"},\"sameAs\":[\"https:\/\/www.facebook.com\/ergotherapieamkaffeetrichter\"]}]}<\/script>\n<!-- \/ Yoast SEO plugin. -->","yoast_head_json":{"title":"Impressum | Ergotherapie am Kaffeetrichter Erfurt","description":"Hier erh\u00e4ltst du einen \u00dcberblick \u00fcber die Ergotherapie am Kaffeetrichter in Erfurt. >> Erfahre hier mehr und nimm Kontakt zu uns auf.","robots":{"index":"index","follow":"follow","max-snippet":"max-snippet:-1","max-image-preview":"max-image-preview:large","max-video-preview":"max-video-preview:-1"},"canonical":"https:\/\/ergotherapie-kaffeetrichter.de\/en\/impressum\/","og_locale":"en_GB","og_type":"article","og_title":"Impressum | Ergotherapie am Kaffeetrichter Erfurt","og_description":"Hier erh\u00e4ltst du einen \u00dcberblick \u00fcber die Ergotherapie am Kaffeetrichter in Erfurt. >> Erfahre hier mehr und nimm Kontakt zu uns auf.","og_url":"https:\/\/ergotherapie-kaffeetrichter.de\/en\/impressum\/","og_site_name":"Ergotherapie am Kaffeetrichter Erfurt","article_publisher":"https:\/\/www.facebook.com\/ergotherapieamkaffeetrichter","article_modified_time":"2025-07-25T08:59:20+00:00","og_image":[{"width":1002,"height":626,"url":"https:\/\/ergotherapie-kaffeetrichter.de\/wp-content\/uploads\/2022\/06\/Logo-freigestellt.png","type":"image\/png"}],"twitter_card":"summary_large_image","twitter_misc":{"Estimated reading time":"3 minutes"},"schema":{"@context":"https:\/\/schema.org","@graph":[{"@type":"WebPage","@id":"https:\/\/ergotherapie-kaffeetrichter.de\/impressum\/","url":"https:\/\/ergotherapie-kaffeetrichter.de\/impressum\/","name":"Impressum | Ergotherapie am Kaffeetrichter Erfurt","isPartOf":{"@id":"https:\/\/ergotherapie-kaffeetrichter.de\/#website"},"datePublished":"2022-07-13T10:02:40+00:00","dateModified":"2025-07-25T08:59:20+00:00","description":"Hier erh\u00e4ltst du einen \u00dcberblick \u00fcber die Ergotherapie am Kaffeetrichter in Erfurt. >> Erfahre hier mehr und nimm Kontakt zu uns auf.","breadcrumb":{"@id":"https:\/\/ergotherapie-kaffeetrichter.de\/impressum\/#breadcrumb"},"inLanguage":"en-GB","potentialAction":[{"@type":"ReadAction","target":["https:\/\/ergotherapie-kaffeetrichter.de\/impressum\/"]}]},{"@type":"BreadcrumbList","@id":"https:\/\/ergotherapie-kaffeetrichter.de\/impressum\/#breadcrumb","itemListElement":[{"@type":"ListItem","position":1,"name":"Startseite","item":"https:\/\/ergotherapie-kaffeetrichter.de\/"},{"@type":"ListItem","position":2,"name":"Impressum"}]},{"@type":"WebSite","@id":"https:\/\/ergotherapie-kaffeetrichter.de\/#website","url":"https:\/\/ergotherapie-kaffeetrichter.de\/","name":"Occupational therapy at Kaffeetrichter Erfurt","description":"Occupational therapy at Kaffeetrichter Erfurt","publisher":{"@id":"https:\/\/ergotherapie-kaffeetrichter.de\/#organization"},"potentialAction":[{"@type":"SearchAction","target":{"@type":"EntryPoint","urlTemplate":"https:\/\/ergotherapie-kaffeetrichter.de\/?s={search_term_string}"},"query-input":{"@type":"PropertyValueSpecification","valueRequired":true,"valueName":"search_term_string"}}],"inLanguage":"en-GB"},{"@type":"Organization","@id":"https:\/\/ergotherapie-kaffeetrichter.de\/#organization","name":"Occupational therapy at Kaffeetrichter Erfurt","url":"https:\/\/ergotherapie-kaffeetrichter.de\/","logo":{"@type":"ImageObject","inLanguage":"en-GB","@id":"https:\/\/ergotherapie-kaffeetrichter.de\/#\/schema\/logo\/image\/","url":"https:\/\/ergotherapie-kaffeetrichter.de\/wp-content\/uploads\/2022\/06\/Logo-freigestellt.png","contentUrl":"https:\/\/ergotherapie-kaffeetrichter.de\/wp-content\/uploads\/2022\/06\/Logo-freigestellt.png","width":1002,"height":626,"caption":"Ergotherapie am Kaffeetrichter Erfurt"},"image":{"@id":"https:\/\/ergotherapie-kaffeetrichter.de\/#\/schema\/logo\/image\/"},"sameAs":["https:\/\/www.facebook.com\/ergotherapieamkaffeetrichter"]}]}},"_links":{"self":[{"href":"https:\/\/ergotherapie-kaffeetrichter.de\/en\/wp-json\/wp\/v2\/pages\/1146","targetHints":{"allow":["GET"]}}],"collection":[{"href":"https:\/\/ergotherapie-kaffeetrichter.de\/en\/wp-json\/wp\/v2\/pages"}],"about":[{"href":"https:\/\/ergotherapie-kaffeetrichter.de\/en\/wp-json\/wp\/v2\/types\/page"}],"author":[{"embeddable":true,"href":"https:\/\/ergotherapie-kaffeetrichter.de\/en\/wp-json\/wp\/v2\/users\/1"}],"replies":[{"embeddable":true,"href":"https:\/\/ergotherapie-kaffeetrichter.de\/en\/wp-json\/wp\/v2\/comments?post=1146"}],"version-history":[{"count":12,"href":"https:\/\/ergotherapie-kaffeetrichter.de\/en\/wp-json\/wp\/v2\/pages\/1146\/revisions"}],"predecessor-version":[{"id":2657,"href":"https:\/\/ergotherapie-kaffeetrichter.de\/en\/wp-json\/wp\/v2\/pages\/1146\/revisions\/2657"}],"wp:attachment":[{"href":"https:\/\/ergotherapie-kaffeetrichter.de\/en\/wp-json\/wp\/v2\/media?parent=1146"}],"curies":[{"name":"wp","href":"https:\/\/api.w.org\/{rel}","templated":true}]}}